{"id":12301,"date":"2022-01-19T16:12:10","date_gmt":"2022-01-19T15:12:10","guid":{"rendered":"https:\/\/xoros-home.de\/?post_type=product&#038;p=12301"},"modified":"2025-07-06T17:04:14","modified_gmt":"2025-07-06T15:04:14","slug":"meetingbox-jetson-l4-mute-2-2-2","status":"publish","type":"product","link":"https:\/\/xoros-home.de\/it\/produkt\/meetingbox-jetson-l4-mute-2-2-2\/","title":{"rendered":"Meetingbox Jetson L4 (MUTE)"},"content":{"rendered":"<p>La struttura di Jetson L4 \u00e8 realizzata in alluminio estruso ed \u00e8 quindi molto pi\u00f9 resistente e leggera rispetto ai modelli basati su pannelli di legno. In combinazione con il sistema di collegamento a parete senza attrezzi, Jetson L4 \u00e8 pi\u00f9 facile e veloce da montare e smontare di qualsiasi altra cabina telefonica sul mercato.<\/p>\n<p>Jetson L4 \u00e8 disponibile in bianco o nero e le pareti esterne possono essere dotate di scaffali o lavagne.<\/p>\n<p>Scheda tecnica:\u00a0<a href=\"https:\/\/xoros-home.de\/wp-content\/uploads\/2023\/06\/Jetson_L4_Daten_DE.pdf\" target=\"_blank\" rel=\"noopener\">Scarica la scheda tecnica di Jetson L4<\/a>.<\/p>\n<p>&nbsp;<\/p>\n<p><strong>Video del Jetson L4:<\/strong><\/p>\n<div style=\"width: 800px;\" class=\"wp-video\"><video class=\"wp-video-shortcode\" id=\"video-12301-1\" width=\"800\" height=\"450\" poster=\"https:\/\/xoros-home.de\/wp-content\/uploads\/2023\/06\/Jetson-L4.jpg\" preload=\"metadata\" controls=\"controls\"><source type=\"video\/mp4\" src=\"https:\/\/xoros-home.de\/wp-content\/uploads\/2024\/03\/Video-Jetson-L4.mp4?_=1\" \/><a href=\"https:\/\/xoros-home.de\/wp-content\/uploads\/2024\/03\/Video-Jetson-L4.mp4\">https:\/\/xoros-home.de\/wp-content\/uploads\/2024\/03\/Video-Jetson-L4.mp4<\/a><\/video><\/div>\n<p>&nbsp;<\/p>\n<p><strong>Modello 3D:<\/strong><\/p>\n<p><iframe src=\"https:\/\/impress.pcon-solutions.com\/?l=de&amp;embed=https%3A%2F%2Fxoroshome-my.sharepoint.com%2F%3Au%3A%2Fg%2Fpersonal%2Ffrank_ehlers_xoros-home_de%2FESB5E1ok371GiwhTbImXF2YB-9oOEDfSMup4VrYwUctZ_A\" width=\"450\" height=\"450\" frameborder=\"1\" allowfullscreen=\"allowfullscreen\"><span data-mce-type=\"bookmark\" style=\"display: inline-block; width: 0px; overflow: hidden; line-height: 0;\" class=\"mce_SELRES_start\"><\/span><\/iframe><\/p>\n<p>&nbsp;<\/p>\n<p><strong>Attrezzatura:<\/strong><\/p>\n<ul>\n<li>Sistema di ventilazione<\/li>\n<li>Luce LED<\/li>\n<li>Rilevatore di presenza per ventilatori e luci<\/li>\n<li>Striscia con 2 prese e 2 porte USB<\/li>\n<li>Piano del tavolo in melamina<\/li>\n<li>2x divano con schienale regolabile in altezza<\/li>\n<li>Scaffale piatto con binario espositivo e magnete, 2 ganci<\/li>\n<li>Cavo di alimentazione 3 m<\/li>\n<\/ul>\n<p><strong>Dimensioni e peso:<\/strong><\/p>\n<ul>\n<li>Larghezza (esterna\/interna): 2150 mm \/ 2010 mm<\/li>\n<li>Profondit\u00e0 (esterna\/interna): 1270 mm \/ 1125 mm + 800 mm con porta aperta<\/li>\n<li>Altezza (esterna\/interna): 2247 mm \/ 2105 mm<\/li>\n<li class=\"tech-specs__field\">Piano del tavolo (L x P x A): 950 x 680 x 745<\/li>\n<li>Peso: 460 kg<\/li>\n<\/ul>\n<p><strong>Dati acustici e ventilazione:<\/strong><\/p>\n<ul>\n<li>Attenuazione del parlato: 26 dB, classe B secondo ISO 23351<\/li>\n<li>RT20 interno: &lt;0,2 s secondo ISO 354:2000<\/li>\n<li>Flusso d'aria: 50 m3\/h<\/li>\n<li>Rumore di ventilazione esterno\/interno: \u226439 dB \/ \u226438 dB<\/li>\n<\/ul>\n<p><strong>Illuminazione:<\/strong><\/p>\n<ul>\n<li>Corrente: 14 watt<\/li>\n<li>Luminosit\u00e0: 300 lux<\/li>\n<li>Temperatura di colore: 4.000 K<\/li>\n<\/ul>\n<p><strong>Presa multipla:<\/strong><\/p>\n<ul>\n<li>Tensione di alimentazione: 220-240 \/ 100-120 VAC, 50-60 Hz<\/li>\n<li>Prese: 2<\/li>\n<li>Caricatore rapido USB: TUF A+C 25 W, 5 V DC<\/li>\n<li>Sistema di montaggio: Incluso.<\/li>\n<li>Colore: nero<\/li>\n<\/ul>","protected":false},"excerpt":{"rendered":"<p>Jetson L4 \u00e8 l'ultima scatola per riunioni dello specialista dell'acustica \"Mute\". Materiali di alta qualit\u00e0, componenti durevoli e interni ben studiati incontrano prezzi vantaggiosi. Jetson L4 \u00e8 infatti disponibile solo in bianco o nero e pu\u00f2 quindi essere prodotto in modo pi\u00f9 efficiente.<\/p>\n<p>La famiglia Jetson \u00e8 composta dalla grande <a href=\"https:\/\/xoros-home.de\/it\/prodotto\/meetingbox-jetson-l4-mute-2\/\">Box riunioni a 4 posti Jetson L4<\/a>il <a href=\"https:\/\/xoros-home.de\/it\/prodotto\/scatola-riunioni-a-2-posti-jetson-l2-mute\/\">Box riunioni a 2 posti Jetson L2<\/a>il <a href=\"https:\/\/xoros-home.de\/it\/prodotto\/workbox-jetson-m1-mute\/\">Scatola di lavoro M1<\/a> e il piccolo <a href=\"https:\/\/xoros-home.de\/it\/prodotto\/cabina-telefonica-jetson-s1-mute\/\">Cabina telefonica Jetson S1<\/a>.<\/p>\n<p><img decoding=\"async\" class=\"alignnone wp-image-11202 size-thumbnail\" src=\"https:\/\/xoros-home.de\/wp-content\/uploads\/2023\/02\/logo-mute.svg\" alt=\"\" width=\"150\" height=\"30\" \/><\/p>","protected":false},"featured_media":12302,"template":"","meta":{"content-type":"","inline_featured_image":false},"product_brand":[],"product_cat":[159],"product_tag":[132,142],"class_list":{"0":"post-12301","1":"product","2":"type-product","3":"status-publish","4":"has-post-thumbnail","6":"product_cat-meetingbox","7":"product_tag-effizienter-schallschutz","8":"product_tag-hersteller-mute","10":"first","11":"instock","12":"taxable","13":"shipping-taxable","14":"purchasable","15":"product-type-simple"},"_links":{"self":[{"href":"https:\/\/xoros-home.de\/it\/wp-json\/wp\/v2\/product\/12301","targetHints":{"allow":["GET"]}}],"collection":[{"href":"https:\/\/xoros-home.de\/it\/wp-json\/wp\/v2\/product"}],"about":[{"href":"https:\/\/xoros-home.de\/it\/wp-json\/wp\/v2\/types\/product"}],"version-history":[{"count":1,"href":"https:\/\/xoros-home.de\/it\/wp-json\/wp\/v2\/product\/12301\/revisions"}],"predecessor-version":[{"id":12311,"href":"https:\/\/xoros-home.de\/it\/wp-json\/wp\/v2\/product\/12301\/revisions\/12311"}],"wp:featuredmedia":[{"embeddable":true,"href":"https:\/\/xoros-home.de\/it\/wp-json\/wp\/v2\/media\/12302"}],"wp:attachment":[{"href":"https:\/\/xoros-home.de\/it\/wp-json\/wp\/v2\/media?parent=12301"}],"wp:term":[{"taxonomy":"product_brand","embeddable":true,"href":"https:\/\/xoros-home.de\/it\/wp-json\/wp\/v2\/product_brand?post=12301"},{"taxonomy":"product_cat","embeddable":true,"href":"https:\/\/xoros-home.de\/it\/wp-json\/wp\/v2\/product_cat?post=12301"},{"taxonomy":"product_tag","embeddable":true,"href":"https:\/\/xoros-home.de\/it\/wp-json\/wp\/v2\/product_tag?post=12301"}],"curies":[{"name":"wp","href":"https:\/\/api.w.org\/{rel}","templated":true}]}}