{"id":12944,"date":"2023-11-27T16:17:55","date_gmt":"2023-11-27T15:17:55","guid":{"rendered":"https:\/\/xoros-home.de\/?post_type=product&#038;p=12944"},"modified":"2024-02-23T11:33:02","modified_gmt":"2024-02-23T10:33:02","slug":"sedia-da-ufficio-asiento-con-membrana-a-maglia-3d-fm-bueromoebel","status":"publish","type":"product","link":"https:\/\/xoros-home.de\/it\/produkt\/buerostuhl-asiento-mit-3d-strickmembran-fm-bueromoebel\/","title":{"rendered":"sedia da ufficio asiento con membrana in maglia 3D (fm B\u00fcrom\u00f6bel)"},"content":{"rendered":"<p>La particolarit\u00e0 di asiento \u00e8 lo schienale, costituito da diversi elementi elastici e da un'innovativa membrana a maglia 3D. Questa soluzione innovativa garantisce non solo un maggiore comfort di seduta, ma anche un'ottima libert\u00e0 di movimento quando si \u00e8 seduti. Il principio si basa su tre elementi di sostegno elastici con forze elastiche diverse, che si estendono dalla zona lombare al busto fino alle spalle. Questa struttura garantisce un sostegno ottimale alla schiena in qualsiasi posizione di seduta.<\/p>\n<p>La membrana a maglia 3D \u00e8 personalizzata in modo preciso allo schienale e al sedile. Nelle varie zone della schiena, la membrana a maglia 3D \u00e8 progettata per supportare in modo ottimale le funzioni flessibili dello schienale. \u00c8 pi\u00f9 stretta nella zona lombare che nella zona delle spalle, formando una simbiosi perfetta con la struttura dello schienale per il massimo comfort di seduta. La membrana a maglia 3D contribuisce anche alla sostenibilit\u00e0, aiutando a ridurre al minimo gli scarti e il materiale in eccesso. La produzione precisa e personalizzata dello schienale e del cuscino del sedile in Germania garantisce che venga utilizzato solo il filato effettivamente necessario.<\/p>\n<p><img fetchpriority=\"high\" decoding=\"async\" class=\"alignright wp-image-12954 size-medium\" src=\"https:\/\/xoros-home.de\/wp-content\/uploads\/2023\/11\/Strick-halb-halb-216x300.jpg\" alt=\"\" width=\"216\" height=\"300\" srcset=\"https:\/\/xoros-home.de\/wp-content\/uploads\/2023\/11\/Strick-halb-halb-216x300.jpg 216w, https:\/\/xoros-home.de\/wp-content\/uploads\/2023\/11\/Strick-halb-halb-738x1024.jpg 738w, https:\/\/xoros-home.de\/wp-content\/uploads\/2023\/11\/Strick-halb-halb-768x1065.jpg 768w, https:\/\/xoros-home.de\/wp-content\/uploads\/2023\/11\/Strick-halb-halb-9x12.jpg 9w, https:\/\/xoros-home.de\/wp-content\/uploads\/2023\/11\/Strick-halb-halb-600x832.jpg 600w, https:\/\/xoros-home.de\/wp-content\/uploads\/2023\/11\/Strick-halb-halb.jpg 865w\" sizes=\"(max-width: 216px) 100vw, 216px\" \/><br \/>\nLa membrana a maglia 3D \u00e8 disponibile in due versioni:<\/p>\n<ul>\n<li><strong>Trasparente:<\/strong> nella versione trasparente, leggermente pi\u00f9 sottile, la struttura posteriore traspare leggermente.<\/li>\n<li><strong>Comfort:<\/strong> La versione comfort, leggermente pi\u00f9 spessa, utilizza una quantit\u00e0 maggiore di filato, che conferisce all'asiente un aspetto opaco e una sensazione ancora pi\u00f9 morbida.<\/li>\n<\/ul>\n<p>&nbsp;<\/p>\n<p>Per entrambe le versioni vale quanto segue: il rivestimento del cuscino della seduta \u00e8 sfoderabile e lavabile!<\/p>\n<p>&nbsp;<\/p>\n<p>&nbsp;<\/p>\n<p>&nbsp;<\/p>\n<p><iframe src=\"https:\/\/impress.pcon-solutions.com\/?l=de&amp;embed=https%3A%2F%2Fxoroshome-my.sharepoint.com%2F%3Au%3A%2Fg%2Fpersonal%2Ffrank_ehlers_xoros-home_de%2FES5V3HPHyf5KihElZHajP1IBBntJWHmOBzu7okkJeccjZw\" width=\"450\" height=\"450\" frameborder=\"1\" allowfullscreen=\"allowfullscreen\"><span data-mce-type=\"bookmark\" style=\"display: inline-block; width: 0px; overflow: hidden; line-height: 0;\" class=\"mce_SELRES_start\"><\/span><\/iframe><\/p>","protected":false},"excerpt":{"rendered":"<p>La sedia da ufficio asiento incarna l'individualit\u00e0 nella sua forma pi\u00f9 pura, un pezzo unico dal carattere unico e dal design inconfondibile. Con un concetto visivo proprio e un'eccezionale combinazione di materiali, asiento si distingue chiaramente. Asiento \u00e8 prodotta interamente in Germania.<\/p>","protected":false},"featured_media":12945,"template":"","meta":{"content-type":"","inline_featured_image":false},"product_brand":[],"product_cat":[190,41],"product_tag":[44,143,108],"class_list":{"0":"post-12944","1":"product","2":"type-product","3":"status-publish","4":"has-post-thumbnail","6":"product_cat-homeoffice-specials","7":"product_cat-schreibtischstuehle","8":"product_tag-ergonomisch","9":"product_tag-hersteller-fm-bueromoebel","10":"product_tag-made-in-germany","12":"first","13":"instock","14":"taxable","15":"shipping-taxable","16":"purchasable","17":"product-type-simple"},"_links":{"self":[{"href":"https:\/\/xoros-home.de\/it\/wp-json\/wp\/v2\/product\/12944","targetHints":{"allow":["GET"]}}],"collection":[{"href":"https:\/\/xoros-home.de\/it\/wp-json\/wp\/v2\/product"}],"about":[{"href":"https:\/\/xoros-home.de\/it\/wp-json\/wp\/v2\/types\/product"}],"version-history":[{"count":1,"href":"https:\/\/xoros-home.de\/it\/wp-json\/wp\/v2\/product\/12944\/revisions"}],"predecessor-version":[{"id":12953,"href":"https:\/\/xoros-home.de\/it\/wp-json\/wp\/v2\/product\/12944\/revisions\/12953"}],"wp:featuredmedia":[{"embeddable":true,"href":"https:\/\/xoros-home.de\/it\/wp-json\/wp\/v2\/media\/12945"}],"wp:attachment":[{"href":"https:\/\/xoros-home.de\/it\/wp-json\/wp\/v2\/media?parent=12944"}],"wp:term":[{"taxonomy":"product_brand","embeddable":true,"href":"https:\/\/xoros-home.de\/it\/wp-json\/wp\/v2\/product_brand?post=12944"},{"taxonomy":"product_cat","embeddable":true,"href":"https:\/\/xoros-home.de\/it\/wp-json\/wp\/v2\/product_cat?post=12944"},{"taxonomy":"product_tag","embeddable":true,"href":"https:\/\/xoros-home.de\/it\/wp-json\/wp\/v2\/product_tag?post=12944"}],"curies":[{"name":"wp","href":"https:\/\/api.w.org\/{rel}","templated":true}]}}