{"id":13711,"date":"2024-02-28T18:26:32","date_gmt":"2024-02-28T17:26:32","guid":{"rendered":"https:\/\/xoros-home.de\/?post_type=product&#038;p=13711"},"modified":"2024-02-28T18:26:32","modified_gmt":"2024-02-28T17:26:32","slug":"sedia-girevole-seair-sedus","status":"publish","type":"product","link":"https:\/\/xoros-home.de\/it\/produkt\/drehstuhl-seair-sedus\/","title":{"rendered":"Sedia girevole se:air (SEDUS)"},"content":{"rendered":"<p>Consigliato per un peso dell'utente fino a 130 kg.<\/p>\n<p><strong>Rivestimento a membrana<\/strong><\/p>\n<p>Il rivestimento in membrana della seduta e dello schienale garantisce leggerezza e comfort di seduta.<\/p>\n<p><strong>Braccioli<\/strong><\/p>\n<p>I braccioli multifunzionali sono regolabili in altezza, compreso il cuscinetto scorrevole con effetto flottante (senza rasterizzazione: in avanti e indietro, ruotabile verso l'interno e verso l'esterno).<\/p>\n<p><strong>Supporto lombare<\/strong><\/p>\n<p>Il supporto lombare rafforza la parte bassa della schiena e garantisce una seduta ergonomica.<\/p>\n<p><strong>Meccanismo di oscillazione cinetica<\/strong><\/p>\n<p>se:air \u00e8 dotato di una regolazione automatica del peso senza il fastidio di doverlo regolare: maggiore \u00e8 il peso dell'utente, maggiore \u00e8 la resistenza quando si appoggia allo schienale.<\/p>\n<p><strong>Ruoli:<\/strong><br \/>\nIl se:air \u00e8 dotato di serie di ruote morbide, particolarmente adatte a pavimenti duri come parquet, laminato o piastrelle, ma pu\u00f2 essere utilizzato anche per tappeti a pelo corto.<br \/>\nSostenibile, durevole, moderno<\/p>\n<p>Il modello a filigrana di se:air non \u00e8 solo esteticamente accattivante, ma presenta anche aspetti sostenibili. Fino a 50 % del materiale del telaio nero \u00e8 costituito da materiale riciclato. A ci\u00f2 si aggiunge la membrana, lavorata a maglia in modo preciso, resistente agli strappi, durevole e \"Made in Germany\". I braccioli funzionali, la struttura della base con cinque stabilizzatori e il supporto lombare opzionale completano la poltrona girevole in modo eccellente.<\/p>\n<p>&nbsp;<\/p>\n<p><img decoding=\"async\" class=\"alignnone size-full wp-image-8678\" src=\"https:\/\/xoros-home.de\/wp-content\/uploads\/2022\/06\/Sedus-Logo200.png\" alt=\"\" width=\"200\" height=\"90\" \/><\/p>","protected":false},"excerpt":{"rendered":"<p>Leggerezza e comfort in filigrana: rimanere freschi non \u00e8 un problema con se:air. Al posto della classica imbottitura integrale, il sedile e lo schienale sono dotati di una membrana a rete permeabile all'aria che offre un comfort traspirante. Le diverse posizioni di seduta e i movimenti sono supportati in modo ottimale grazie ai diversi gradi di compattezza della membrana. In questo modo si evita facilmente l'accumulo di calore nei punti di pressione e lo scivolamento sul sedile.<\/p>\n<p>&nbsp;<\/p>","protected":false},"featured_media":13715,"template":"","meta":{"content-type":"","inline_featured_image":false},"product_brand":[],"product_cat":[41,191,39,192],"product_tag":[112,44,107,108],"class_list":{"0":"post-13711","1":"product","2":"type-product","3":"status-publish","4":"has-post-thumbnail","6":"product_cat-schreibtischstuehle","7":"product_cat-homeoffice-design-premium","8":"product_cat-moebel","9":"product_cat-office-drehstuehle","10":"product_tag-einfache-selbstmontage","11":"product_tag-ergonomisch","12":"product_tag-hersteller-sedus","13":"product_tag-made-in-germany","15":"first","16":"instock","17":"taxable","18":"shipping-taxable","19":"purchasable","20":"product-type-simple"},"_links":{"self":[{"href":"https:\/\/xoros-home.de\/it\/wp-json\/wp\/v2\/product\/13711","targetHints":{"allow":["GET"]}}],"collection":[{"href":"https:\/\/xoros-home.de\/it\/wp-json\/wp\/v2\/product"}],"about":[{"href":"https:\/\/xoros-home.de\/it\/wp-json\/wp\/v2\/types\/product"}],"version-history":[{"count":0,"href":"https:\/\/xoros-home.de\/it\/wp-json\/wp\/v2\/product\/13711\/revisions"}],"wp:featuredmedia":[{"embeddable":true,"href":"https:\/\/xoros-home.de\/it\/wp-json\/wp\/v2\/media\/13715"}],"wp:attachment":[{"href":"https:\/\/xoros-home.de\/it\/wp-json\/wp\/v2\/media?parent=13711"}],"wp:term":[{"taxonomy":"product_brand","embeddable":true,"href":"https:\/\/xoros-home.de\/it\/wp-json\/wp\/v2\/product_brand?post=13711"},{"taxonomy":"product_cat","embeddable":true,"href":"https:\/\/xoros-home.de\/it\/wp-json\/wp\/v2\/product_cat?post=13711"},{"taxonomy":"product_tag","embeddable":true,"href":"https:\/\/xoros-home.de\/it\/wp-json\/wp\/v2\/product_tag?post=13711"}],"curies":[{"name":"wp","href":"https:\/\/api.w.org\/{rel}","templated":true}]}}