{"id":14033,"date":"2024-03-13T16:29:29","date_gmt":"2024-03-13T15:29:29","guid":{"rendered":"https:\/\/xoros-home.de\/?post_type=product&#038;p=14033"},"modified":"2024-03-13T16:29:29","modified_gmt":"2024-03-13T15:29:29","slug":"scrivania-one-standing-desk-elettrico-regolabile-in-altezza-yaasa","status":"publish","type":"product","link":"https:\/\/xoros-home.de\/it\/produkt\/desk-one-stehpult-elektrisch-hoehenverstellbar-yaasa\/","title":{"rendered":"Desk One - scrivania in piedi regolabile elettricamente in altezza (Yaasa)"},"content":{"rendered":"<ul>\n<li class=\"fs-14 mb-10\">Regolabile elettricamente in altezza tra 70 e 120 cm<\/li>\n<li class=\"fs-14 mb-10\">Cornetta discreta nascosta sotto il piano del tavolo<\/li>\n<li class=\"fs-14 mb-10\">Portata 40 kg, con sensore di collisione<\/li>\n<li class=\"fs-14 mb-10\">Prodotto in Europa<\/li>\n<li class=\"fs-14 mb-10\">Disponibile in bianco o nero<\/li>\n<\/ul>","protected":false},"excerpt":{"rendered":"<p>Il Desk One \u00e8 la scrivania pi\u00f9 compatta della gamma Yaasa e la soluzione ideale per tutti gli ambienti di lavoro con spazio limitato. Ad esempio, Desk One pu\u00f2 essere utilizzato come mini-stazione di lavoro ergonomica nell'ufficio di casa. Il Desk One \u00e8 perfetto anche come tavolino regolabile in altezza in ufficio o come scrivania.<\/p>\n<ul>\n<li>Regolazione elettrica dell'altezza: indipendentemente dall'ambiente, la regolazione manuale dell'altezza di Desk One consente di lavorare in modo ergonomico anche negli spazi pi\u00f9 ridotti.<\/li>\n<li>Design innovativo: il Desk One colpisce per i suoi caratteristici angoli arrotondati e per il poggiapiedi in feltro<\/li>\n<li>Versatile: Desk One \u00e8 estremamente versatile: come scrivania, tavolo per laptop, scrivania eretta o tavolino, si adatta in modo flessibile alle vostre esigenze.<\/li>\n<\/ul>\n<p>Il Desk One \u00e8 disponibile in due diversi colori, \u00e8 prodotto in Europa e pu\u00f2 contenere fino a 40 kg. Scoprite subito il Desk One per ottenere la massima funzionalit\u00e0 in uno spazio limitato.<\/p>","protected":false},"featured_media":14034,"template":"","meta":{"content-type":"","inline_featured_image":false},"product_brand":[],"product_cat":[190,40],"product_tag":[112,44,196,45,113],"class_list":{"0":"post-14033","1":"product","2":"type-product","3":"status-publish","4":"has-post-thumbnail","6":"product_cat-homeoffice-specials","7":"product_cat-schreibtische","8":"product_tag-einfache-selbstmontage","9":"product_tag-ergonomisch","10":"product_tag-hersteller-yaasa","11":"product_tag-platzsparend","12":"product_tag-schnelle-lieferung","14":"first","15":"instock","16":"taxable","17":"shipping-taxable","18":"purchasable","19":"product-type-simple"},"_links":{"self":[{"href":"https:\/\/xoros-home.de\/it\/wp-json\/wp\/v2\/product\/14033","targetHints":{"allow":["GET"]}}],"collection":[{"href":"https:\/\/xoros-home.de\/it\/wp-json\/wp\/v2\/product"}],"about":[{"href":"https:\/\/xoros-home.de\/it\/wp-json\/wp\/v2\/types\/product"}],"version-history":[{"count":0,"href":"https:\/\/xoros-home.de\/it\/wp-json\/wp\/v2\/product\/14033\/revisions"}],"wp:featuredmedia":[{"embeddable":true,"href":"https:\/\/xoros-home.de\/it\/wp-json\/wp\/v2\/media\/14034"}],"wp:attachment":[{"href":"https:\/\/xoros-home.de\/it\/wp-json\/wp\/v2\/media?parent=14033"}],"wp:term":[{"taxonomy":"product_brand","embeddable":true,"href":"https:\/\/xoros-home.de\/it\/wp-json\/wp\/v2\/product_brand?post=14033"},{"taxonomy":"product_cat","embeddable":true,"href":"https:\/\/xoros-home.de\/it\/wp-json\/wp\/v2\/product_cat?post=14033"},{"taxonomy":"product_tag","embeddable":true,"href":"https:\/\/xoros-home.de\/it\/wp-json\/wp\/v2\/product_tag?post=14033"}],"curies":[{"name":"wp","href":"https:\/\/api.w.org\/{rel}","templated":true}]}}