{"id":14083,"date":"2024-03-20T17:56:14","date_gmt":"2024-03-20T16:56:14","guid":{"rendered":"https:\/\/xoros-home.de\/?post_type=product&#038;p=14083"},"modified":"2025-02-20T17:27:33","modified_gmt":"2025-02-20T16:27:33","slug":"cube-l-sedus","status":"publish","type":"product","link":"https:\/\/xoros-home.de\/it\/produkt\/cube-l-sedus\/","title":{"rendered":"Cubo L (SEDUS)"},"content":{"rendered":"<p><strong>Punti salienti:\u00a0<\/strong><\/p>\n<ul>\n<li>Dal pluripremiato produttore premium SEDUS<\/li>\n<li>Prodotto in Germania<\/li>\n<li>Sicurezza certificata T\u00dcV e testata GS<\/li>\n<\/ul>\n<p><strong>Dettagli del prodotto:<\/strong><\/p>\n<ul>\n<li>Controllo intelligente della ventilazione con diversi sensori: rilevatore di presenza, sensore di temperatura ambiente e sensore di CO<sub>2<\/sub>-Stipendio<\/li>\n<li>Pareti rivestite in tessuto di vari colori e tessuti<\/li>\n<li>Il pavimento \u00e8 dotato di quadrotte di moquette del marchio di qualit\u00e0 Interface.<\/li>\n<li>Per gli interni sono disponibili diverse varianti:\n<ul>\n<li>Vuoto \/ senza interno<\/li>\n<li><strong><span style=\"color: #ff5450;\">Raccomandazione:<\/span> <\/strong>Diner (5-8 persone) con tavolo e due divani integrati e supporto per monitor disponibile come opzione<\/li>\n<li>Sala video (3-4 persone) con tavolo incorporato, divano ad angolo e predisposizione per il montaggio di un monitor sulla parete opposta.<\/li>\n<li>Brainstorming (4-6 persone) in piedi o seduti con tavolo incorporato (posti a sedere disponibili separatamente)<\/li>\n<li>Brainstorming (4-6 persone) con tavolo incorporato regolabile elettricamente in altezza (posti a sedere disponibili separatamente)<\/li>\n<\/ul>\n<\/li>\n<\/ul>\n<p><strong>Specifiche tecniche:<\/strong><\/p>\n<ul>\n<li>Dimensioni esterne: L 2500 x P 2500 x H 2320 mm<\/li>\n<li>Dimensioni interne: L 2165 x P 2380 x H 2200 mm (sotto la luce: H 2150 mm)<\/li>\n<li>Altezza libera necessaria per l'installazione e la circolazione dell'aria: min. 2500 mm.<\/li>\n<li>Il sistema di controllo completamente automatico regola i ventilatori in base alla temperatura ambiente e al contenuto di CO\u00b2 dell'aria nel se:cube.<\/li>\n<li>Elementi in vetro costituiti da vetro di sicurezza stratificato VSG-SI da 10,76 mm con pellicola acustica intermedia<\/li>\n<\/ul>\n<p>&nbsp;<\/p>\n<p><strong>Video sulla gamma di prodotti se:cube:<\/strong><\/p>\n<div style=\"width: 800px;\" class=\"wp-video\"><video class=\"wp-video-shortcode\" id=\"video-14083-1\" width=\"800\" height=\"450\" preload=\"metadata\" controls=\"controls\"><source type=\"video\/mp4\" src=\"https:\/\/xoros-home.de\/wp-content\/uploads\/2024\/03\/Video-SEDUS-se-cube-Akustik-Pod-Meetingbox-Telefonbox.mp4?_=1\" \/><a href=\"https:\/\/xoros-home.de\/wp-content\/uploads\/2024\/03\/Video-SEDUS-se-cube-Akustik-Pod-Meetingbox-Telefonbox.mp4\">https:\/\/xoros-home.de\/wp-content\/uploads\/2024\/03\/Video-SEDUS-se-cube-Akustik-Pod-Meetingbox-Telefonbox.mp4<\/a><\/video><\/div>\n<p>&nbsp;<\/p>\n<p><strong>Cortometraggio \"Momenti di silenzio:<\/strong><\/p>\n<p><a href=\"https:\/\/www.youtube.com\/watch?v=5XrxxYXviek\" target=\"_blank\" rel=\"noopener\">https:\/\/www.youtube.com\/watch?v=5XrxxYXviek<\/a><\/p>\n<p>&nbsp;<\/p>\n<p><strong>Modello 3D:<\/strong><\/p>\n<p><iframe src=\"https:\/\/impress.pcon-solutions.com\/?l=de&amp;embed=https%3A%2F%2Fxoroshome-my.sharepoint.com%2F%3Au%3A%2Fg%2Fpersonal%2Ffrank_ehlers_xoros-home_de%2FEXyfuxqWkLhAjLWRJL_ouYIB20SDLkLvx453IsDnYPv-sA\" width=\"560\" height=\"655\" frameborder=\"1\" allowfullscreen=\"allowfullscreen\"><span data-mce-type=\"bookmark\" style=\"display: inline-block; width: 0px; overflow: hidden; line-height: 0;\" class=\"mce_SELRES_start\"><\/span><\/iframe><\/p>","protected":false},"excerpt":{"rendered":"<p>Il se:cube L offre 6,25 metri quadrati di spazio insonorizzato per riunioni - per un massimo di otto persone, a seconda della configurazione. Consigliamo la configurazione \"Diner\" con due divani uno di fronte all'altro e un tavolo fisso incorporato. In questo modo \u00e8 possibile organizzare riunioni con otto persone con la stessa efficienza delle riunioni ibride, a condizione che venga ordinato anche il supporto opzionale per monitor all'estremit\u00e0 del tavolo.<\/p>\n<p>se:cube \u00e8 la serie di cabine telefoniche e per riunioni di SEDUS, uno dei principali produttori tedeschi di mobili per ufficio. La forma chiara e lineare di se:cube \u00e8 ammorbidita dagli angoli arrotondati, che ne consentono l'integrazione armoniosa in un'ampia variet\u00e0 di ambienti, senza dominare la stanza. Una caratteristica distintiva \u00e8 la striscia LED (disponibile come optional) che si accende non appena il cubo viene occupato. se:cube \u00e8 disponibile in tre diverse dimensioni:<\/p>\n<ul>\n<li><a href=\"https:\/\/xoros-home.de\/it\/prodotti-per-lhome-office\/cube-s-sedus\/\">se:cubo S<\/a> (per una persona)<\/li>\n<li><a href=\"https:\/\/xoros-home.de\/it\/prodotti-per-lhome-office\/cube-m-sedus\/\">se:cubo M<\/a> (per un massimo di quattro persone)<\/li>\n<li><a href=\"https:\/\/xoros-home.de\/it\/prodotti-per-lhome-office\/cube-l-sedus\/\">se:cubo L<\/a> (per un massimo di otto persone)<\/li>\n<\/ul>\n<p>&nbsp;<\/p>\n<p><img decoding=\"async\" class=\"alignnone wp-image-8678\" src=\"https:\/\/xoros-home.de\/wp-content\/uploads\/2022\/06\/Sedus-Logo200.png\" alt=\"\" width=\"129\" height=\"58\" \/><\/p>","protected":false},"featured_media":15809,"template":"","meta":{"content-type":"","inline_featured_image":false},"product_brand":[],"product_cat":[159],"product_tag":[132,107,108],"class_list":{"0":"post-14083","1":"product","2":"type-product","3":"status-publish","4":"has-post-thumbnail","6":"product_cat-meetingbox","7":"product_tag-effizienter-schallschutz","8":"product_tag-hersteller-sedus","9":"product_tag-made-in-germany","11":"first","12":"instock","13":"taxable","14":"shipping-taxable","15":"purchasable","16":"product-type-simple"},"_links":{"self":[{"href":"https:\/\/xoros-home.de\/it\/wp-json\/wp\/v2\/product\/14083","targetHints":{"allow":["GET"]}}],"collection":[{"href":"https:\/\/xoros-home.de\/it\/wp-json\/wp\/v2\/product"}],"about":[{"href":"https:\/\/xoros-home.de\/it\/wp-json\/wp\/v2\/types\/product"}],"version-history":[{"count":1,"href":"https:\/\/xoros-home.de\/it\/wp-json\/wp\/v2\/product\/14083\/revisions"}],"predecessor-version":[{"id":14109,"href":"https:\/\/xoros-home.de\/it\/wp-json\/wp\/v2\/product\/14083\/revisions\/14109"}],"wp:featuredmedia":[{"embeddable":true,"href":"https:\/\/xoros-home.de\/it\/wp-json\/wp\/v2\/media\/15809"}],"wp:attachment":[{"href":"https:\/\/xoros-home.de\/it\/wp-json\/wp\/v2\/media?parent=14083"}],"wp:term":[{"taxonomy":"product_brand","embeddable":true,"href":"https:\/\/xoros-home.de\/it\/wp-json\/wp\/v2\/product_brand?post=14083"},{"taxonomy":"product_cat","embeddable":true,"href":"https:\/\/xoros-home.de\/it\/wp-json\/wp\/v2\/product_cat?post=14083"},{"taxonomy":"product_tag","embeddable":true,"href":"https:\/\/xoros-home.de\/it\/wp-json\/wp\/v2\/product_tag?post=14083"}],"curies":[{"name":"wp","href":"https:\/\/api.w.org\/{rel}","templated":true}]}}