{"id":14517,"date":"2024-05-03T16:37:12","date_gmt":"2024-05-03T14:37:12","guid":{"rendered":"https:\/\/xoros-home.de\/?post_type=product&#038;p=14517"},"modified":"2025-02-04T16:26:53","modified_gmt":"2025-02-04T15:26:53","slug":"scatola-del-telefono-hola-studiobricks","status":"publish","type":"product","link":"https:\/\/xoros-home.de\/it\/produkt\/telefonbox-hola-studiobricks\/","title":{"rendered":"Cabina telefonica HOLA (Studiobricks)"},"content":{"rendered":"<p>Modello 3D in diverse varianti:<\/p>\n<p><iframe src=\"https:\/\/impress.pcon-solutions.com\/?l=de&amp;embed=https%3A%2F%2Fxoroshome-my.sharepoint.com%2F%3Au%3A%2Fg%2Fpersonal%2Ffrank_ehlers_xoros-home_de%2FEdM--VNTvjZBhU65fbmI5gQBCLthd4ViVHwlDclPCGpXzQ\" width=\"450\" height=\"450\" frameborder=\"1\" allowfullscreen=\"allowfullscreen\"><span data-mce-type=\"bookmark\" style=\"display: inline-block; width: 0px; overflow: hidden; line-height: 0;\" class=\"mce_SELRES_start\"><\/span><\/iframe><\/p>","protected":false},"excerpt":{"rendered":"<p>Studiobricks \u00e8 un produttore spagnolo di cabine insonorizzate ed \u00e8 cresciuto con prodotti specializzati per il settore della musica \/ studio \/ registrazione audio. La gamma originale di prodotti Studiobricks proviene quindi da un settore in cui l'acustica gioca un ruolo fondamentale e in cui l'isolamento acustico e la qualit\u00e0 del suono sono richiesti in modo completamente diverso rispetto a un ufficio convenzionale. Non c'\u00e8 quindi da stupirsi se anche la gamma Studiobricks per ufficio vanta i migliori valori di isolamento acustico del mercato e soddisfa le esigenze pi\u00f9 elevate.<\/p>\n<p>HOLA \u00e8 il modello pi\u00f9 piccolo di Studiobricks ed \u00e8 disponibile come cabina telefonica con un ingombro di 1,06 x 1,06 metri in tre diverse versioni:<\/p>\n<ul>\n<li>HOLA Standard: con pannello posteriore chiuso<\/li>\n<li>HOLA View: con pannello posteriore vetrato<\/li>\n<li>HOLA Forklift: montato su telaio in acciaio \/ adatto a carrelli elevatori a forca<\/li>\n<\/ul>\n<p>La cabina telefonica HOLA pu\u00f2 essere configurata individualmente; altri colori, altri materiali e mobili (sgabello) sono disponibili con un sovrapprezzo. Saremo lieti di consigliarvi le opzioni che fanno al caso vostro!<\/p>","protected":false},"featured_media":14527,"template":"","meta":{"content-type":"","inline_featured_image":false},"product_brand":[],"product_cat":[131],"product_tag":[132,198],"class_list":{"0":"post-14517","1":"product","2":"type-product","3":"status-publish","4":"has-post-thumbnail","6":"product_cat-telefonbox","7":"product_tag-effizienter-schallschutz","8":"product_tag-hersteller-studiobricks","10":"first","11":"instock","12":"taxable","13":"shipping-taxable","14":"purchasable","15":"product-type-simple"},"_links":{"self":[{"href":"https:\/\/xoros-home.de\/it\/wp-json\/wp\/v2\/product\/14517","targetHints":{"allow":["GET"]}}],"collection":[{"href":"https:\/\/xoros-home.de\/it\/wp-json\/wp\/v2\/product"}],"about":[{"href":"https:\/\/xoros-home.de\/it\/wp-json\/wp\/v2\/types\/product"}],"version-history":[{"count":1,"href":"https:\/\/xoros-home.de\/it\/wp-json\/wp\/v2\/product\/14517\/revisions"}],"predecessor-version":[{"id":14554,"href":"https:\/\/xoros-home.de\/it\/wp-json\/wp\/v2\/product\/14517\/revisions\/14554"}],"wp:featuredmedia":[{"embeddable":true,"href":"https:\/\/xoros-home.de\/it\/wp-json\/wp\/v2\/media\/14527"}],"wp:attachment":[{"href":"https:\/\/xoros-home.de\/it\/wp-json\/wp\/v2\/media?parent=14517"}],"wp:term":[{"taxonomy":"product_brand","embeddable":true,"href":"https:\/\/xoros-home.de\/it\/wp-json\/wp\/v2\/product_brand?post=14517"},{"taxonomy":"product_cat","embeddable":true,"href":"https:\/\/xoros-home.de\/it\/wp-json\/wp\/v2\/product_cat?post=14517"},{"taxonomy":"product_tag","embeddable":true,"href":"https:\/\/xoros-home.de\/it\/wp-json\/wp\/v2\/product_tag?post=14517"}],"curies":[{"name":"wp","href":"https:\/\/api.w.org\/{rel}","templated":true}]}}