{"id":14728,"date":"2024-09-09T15:59:43","date_gmt":"2024-09-09T13:59:43","guid":{"rendered":"https:\/\/xoros-home.de\/?post_type=product&#038;p=14728"},"modified":"2025-07-06T17:04:46","modified_gmt":"2025-07-06T15:04:46","slug":"scatola-riunioni-a-2-posti-jetson-l2-mute","status":"publish","type":"product","link":"https:\/\/xoros-home.de\/it\/produkt\/2er-meetingbox-jetson-l2-mute\/","title":{"rendered":"Box riunioni a 2 posti Jetson L2 (MUTE)"},"content":{"rendered":"<p>La struttura di Jetson L2 \u00e8 realizzata in alluminio estruso ed \u00e8 quindi molto pi\u00f9 resistente e leggera rispetto ai modelli basati su pannelli di legno. In combinazione con il sistema di collegamento a parete senza attrezzi, Jetson L2 \u00e8 pi\u00f9 facile e veloce da montare e smontare di qualsiasi altra cabina telefonica sul mercato.<\/p>\n<p>Jetson L2 \u00e8 disponibile in bianco o nero e le pareti esterne possono essere dotate di scaffali o lavagne.<\/p>\n<p>Scheda tecnica: <a href=\"https:\/\/xoros-home.de\/wp-content\/uploads\/2024\/09\/Jetson_L2_Datenblatt_DE.pdf\">Scarica la scheda tecnica di Jetson L2<\/a><\/p>\n<p>&nbsp;<\/p>\n<p><strong>Modello 3D:<\/strong><\/p>\n<p><iframe src=\"https:\/\/impress.pcon-solutions.com\/?l=de&amp;embed=https%3A%2F%2Fxoroshome-my.sharepoint.com%2F%3Au%3A%2Fg%2Fpersonal%2Ffrank_ehlers_xoros-home_de%2FEWw7tmcRMkpHkN5Fpc93ZD8BakN8syNkavK7arLxVyQ6Tg\" width=\"450\" height=\"450\" frameborder=\"1\" allowfullscreen=\"allowfullscreen\"><span data-mce-type=\"bookmark\" style=\"display: inline-block; width: 0px; overflow: hidden; line-height: 0;\" class=\"mce_SELRES_start\"><\/span><\/iframe><\/p>\n<p>&nbsp;<\/p>\n<p><strong>Attrezzatura:<\/strong><\/p>\n<ul>\n<li>Sistema di ventilazione<\/li>\n<li>Luce LED<\/li>\n<li>Rilevatore di presenza per ventilatori e luci<\/li>\n<li>Striscia con 2 prese e 2 porte USB<\/li>\n<li>Piano del tavolo in melamina<\/li>\n<li>2x divano con schienale regolabile in altezza<\/li>\n<li>Scaffale piatto con binario espositivo e magnete, 2 ganci<\/li>\n<li>Cavo di alimentazione 3 m<\/li>\n<\/ul>\n<p><strong>Dimensioni e peso:<\/strong><\/p>\n<ul>\n<li>Larghezza (esterna\/interna): 2150 mm \/ 2010 mm<\/li>\n<li>Profondit\u00e0 (esterna\/interna): 1000 mm \/ 860 mm + 800 mm con porta aperta<\/li>\n<li>Altezza (esterna\/interna): 2264 mm \/ 2102 mm<\/li>\n<li class=\"tech-specs__field\">Piano del tavolo (L x P x A): 925 x 504 x 745<\/li>\n<li>Peso: 373 kg<\/li>\n<\/ul>\n<p><strong>Dati acustici e ventilazione:<\/strong><\/p>\n<ul>\n<li>Attenuazione del parlato: fino a 44,6 dB<\/li>\n<li>Portata d'aria nominale: 365 m3\/h<\/li>\n<li>Rumore di ventilazione esterno\/interno: \u226436 dB \/ \u226438 dB<\/li>\n<\/ul>\n<p><strong>Presa multipla:<\/strong><\/p>\n<ul>\n<li>Tensione di alimentazione: 220-240 \/ 100-120 VAC, 50-60 Hz<\/li>\n<li>Prese: 2<\/li>\n<li>Caricatore rapido USB: TUF A+C 25 W, 5 V DC<\/li>\n<li>Sistema di montaggio: Incluso.<\/li>\n<li>Colore: nero<\/li>\n<\/ul>","protected":false},"excerpt":{"rendered":"<p>Jetson L2 \u00e8 la sala riunioni a 2 posti dello specialista acustico \"Mute\". Materiali di alta qualit\u00e0, componenti durevoli e interni ben studiati incontrano prezzi vantaggiosi. Ci\u00f2 \u00e8 reso possibile da una produzione particolarmente efficiente: la maggior parte dei componenti pu\u00f2 essere utilizzata in diversi modelli della famiglia Jetson e pu\u00f2 essere pre-prodotta per risparmiare sui costi.<\/p>\n<p>La famiglia Jetson \u00e8 composta dalla grande <a href=\"https:\/\/xoros-home.de\/it\/prodotto\/meetingbox-jetson-l4-mute-2\/\">Box riunioni a 4 posti Jetson L4<\/a>il <a href=\"https:\/\/xoros-home.de\/it\/prodotto\/scatola-riunioni-a-2-posti-jetson-l2-mute\/\">Box riunioni a 2 posti Jetson L2<\/a>il <a href=\"https:\/\/xoros-home.de\/it\/prodotto\/workbox-jetson-m1-mute\/\">Scatola di lavoro M1<\/a> e il piccolo <a href=\"https:\/\/xoros-home.de\/it\/prodotto\/cabina-telefonica-jetson-s1-mute\/\">Cabina telefonica Jetson S1<\/a>.<\/p>\n<p><img decoding=\"async\" class=\"alignnone wp-image-11202 size-thumbnail\" src=\"https:\/\/xoros-home.de\/wp-content\/uploads\/2023\/02\/logo-mute.svg\" alt=\"\" width=\"150\" height=\"30\" \/><\/p>","protected":false},"featured_media":14729,"template":"","meta":{"content-type":"","inline_featured_image":false},"product_brand":[],"product_cat":[159],"product_tag":[132,142],"class_list":{"0":"post-14728","1":"product","2":"type-product","3":"status-publish","4":"has-post-thumbnail","6":"product_cat-meetingbox","7":"product_tag-effizienter-schallschutz","8":"product_tag-hersteller-mute","10":"first","11":"instock","12":"taxable","13":"shipping-taxable","14":"purchasable","15":"product-type-simple"},"_links":{"self":[{"href":"https:\/\/xoros-home.de\/it\/wp-json\/wp\/v2\/product\/14728","targetHints":{"allow":["GET"]}}],"collection":[{"href":"https:\/\/xoros-home.de\/it\/wp-json\/wp\/v2\/product"}],"about":[{"href":"https:\/\/xoros-home.de\/it\/wp-json\/wp\/v2\/types\/product"}],"version-history":[{"count":1,"href":"https:\/\/xoros-home.de\/it\/wp-json\/wp\/v2\/product\/14728\/revisions"}],"predecessor-version":[{"id":14750,"href":"https:\/\/xoros-home.de\/it\/wp-json\/wp\/v2\/product\/14728\/revisions\/14750"}],"wp:featuredmedia":[{"embeddable":true,"href":"https:\/\/xoros-home.de\/it\/wp-json\/wp\/v2\/media\/14729"}],"wp:attachment":[{"href":"https:\/\/xoros-home.de\/it\/wp-json\/wp\/v2\/media?parent=14728"}],"wp:term":[{"taxonomy":"product_brand","embeddable":true,"href":"https:\/\/xoros-home.de\/it\/wp-json\/wp\/v2\/product_brand?post=14728"},{"taxonomy":"product_cat","embeddable":true,"href":"https:\/\/xoros-home.de\/it\/wp-json\/wp\/v2\/product_cat?post=14728"},{"taxonomy":"product_tag","embeddable":true,"href":"https:\/\/xoros-home.de\/it\/wp-json\/wp\/v2\/product_tag?post=14728"}],"curies":[{"name":"wp","href":"https:\/\/api.w.org\/{rel}","templated":true}]}}