{"id":15517,"date":"2025-02-04T17:00:25","date_gmt":"2025-02-04T16:00:25","guid":{"rendered":"https:\/\/xoros-home.de\/?post_type=product&#038;p=15517"},"modified":"2025-02-06T15:03:17","modified_gmt":"2025-02-06T14:03:17","slug":"sedia-girevole-streamo-assmann-home","status":"publish","type":"product","link":"https:\/\/xoros-home.de\/it\/produkt\/drehstuhl-streamo-assmann-home\/","title":{"rendered":"Sedia girevole Streamo (ASSMANN Home)"},"content":{"rendered":"<ul>\n<li><strong>Design liberamente selezionabile:<\/strong>\n<ul>\n<li>con schienale imbottito (nero o beige) o con schienale in rete (nero)<\/li>\n<li>con o senza poggiatesta<\/li>\n<\/ul>\n<\/li>\n<li><strong>Sicurezza:<\/strong> Testato T\u00dcV, sigillo GS ed ergonomia testata<\/li>\n<li><strong>Si adatta all'utente:\u00a0<\/strong>Grazie al meccanismo di autosollevamento, la poltrona si adatta al peso dell'utilizzatore<\/li>\n<li><strong>Resilienza:<\/strong> fino a 120 kg<\/li>\n<li><strong>Montaggio:<\/strong> Le sedie vengono consegnate gi\u00e0 assemblate.<\/li>\n<li><strong>Accessori:\u00a0<\/strong>Le ruote standard gi\u00e0 montate sono dure = adatte a pavimenti morbidi. Possono essere facilmente sostituite con ruote morbide (= adatte a pavimenti duri) utilizzando gli appositi accessori.<\/li>\n<\/ul>\n<p>&nbsp;<\/p>\n<div style=\"border: 1px solid #444444; border-radius: 10px; padding: 10px; max-width: 400px; margin: 20px auto; background-color: #eeeeee; font-size: 12px;\">\n<p><strong>Informazioni sul produttore:<\/strong><\/p>\n<p>ASSMANN B\u00fcrom\u00f6bel GmbH &amp; Co. KG<\/p>\n<p>Heinrich Assmann-Stra\u00dfe 11<br \/>\n49324 Melle \/ Germania<\/p>\n<p>Telefono: +49 (0) 5422 706-0<br \/>\nE-mail: assmann@assmann.de<\/p>\n<\/div>\n<p>&nbsp;<\/p>","protected":false},"excerpt":{"rendered":"<p>La sedia girevole da ufficio STREAMO di ASSMANN Home \u00e8 un prodotto completo per l'ufficio e la casa e vanta numerose possibilit\u00e0 di regolazione, tra cui braccioli regolabili in quattro dimensioni: altezza, larghezza, profondit\u00e0 e angolo (girevole). Un supporto lombare regolabile in altezza sostiene la schiena e la seduta pu\u00f2 essere regolata non solo in altezza ma anche in profondit\u00e0, in modo da avere la distanza ideale dallo schienale.<\/p>\n<p>Particolarmente intelligente: la poltrona girevole si adatta automaticamente al vostro peso (la cosiddetta tecnologia autolift)!<\/p>\n<p>Le sedie girevoli Streamo sono sempre disponibili in magazzino in vari modelli e vi saranno consegnate in pochi giorni. Combinano qualit\u00e0, ergonomia e design moderno per un ambiente di lavoro confortevole.<\/p>","protected":false},"featured_media":15524,"template":"","meta":{"content-type":"","inline_featured_image":false},"product_brand":[],"product_cat":[192,190,41],"product_tag":[44,203,46,108,113],"class_list":{"0":"post-15517","1":"product","2":"type-product","3":"status-publish","4":"has-post-thumbnail","6":"product_cat-office-drehstuehle","7":"product_cat-homeoffice-specials","8":"product_cat-schreibtischstuehle","9":"product_tag-ergonomisch","10":"product_tag-hersteller-assmann-home","11":"product_tag-hoehenverstellbar","12":"product_tag-made-in-germany","13":"product_tag-schnelle-lieferung","15":"first","16":"instock","17":"taxable","18":"shipping-taxable","19":"purchasable","20":"product-type-simple"},"_links":{"self":[{"href":"https:\/\/xoros-home.de\/it\/wp-json\/wp\/v2\/product\/15517","targetHints":{"allow":["GET"]}}],"collection":[{"href":"https:\/\/xoros-home.de\/it\/wp-json\/wp\/v2\/product"}],"about":[{"href":"https:\/\/xoros-home.de\/it\/wp-json\/wp\/v2\/types\/product"}],"version-history":[{"count":0,"href":"https:\/\/xoros-home.de\/it\/wp-json\/wp\/v2\/product\/15517\/revisions"}],"wp:featuredmedia":[{"embeddable":true,"href":"https:\/\/xoros-home.de\/it\/wp-json\/wp\/v2\/media\/15524"}],"wp:attachment":[{"href":"https:\/\/xoros-home.de\/it\/wp-json\/wp\/v2\/media?parent=15517"}],"wp:term":[{"taxonomy":"product_brand","embeddable":true,"href":"https:\/\/xoros-home.de\/it\/wp-json\/wp\/v2\/product_brand?post=15517"},{"taxonomy":"product_cat","embeddable":true,"href":"https:\/\/xoros-home.de\/it\/wp-json\/wp\/v2\/product_cat?post=15517"},{"taxonomy":"product_tag","embeddable":true,"href":"https:\/\/xoros-home.de\/it\/wp-json\/wp\/v2\/product_tag?post=15517"}],"curies":[{"name":"wp","href":"https:\/\/api.w.org\/{rel}","templated":true}]}}