{"id":15545,"date":"2025-02-04T17:49:07","date_gmt":"2025-02-04T16:49:07","guid":{"rendered":"https:\/\/xoros-home.de\/?post_type=product&#038;p=15545"},"modified":"2025-02-06T15:03:11","modified_gmt":"2025-02-06T14:03:11","slug":"armadio-ad-ante-scorrevoli-allvia-assmann-home","status":"publish","type":"product","link":"https:\/\/xoros-home.de\/it\/produkt\/schiebetuerenschrank-allvia-assmann-home\/","title":{"rendered":"Armadio ad ante scorrevoli Allvia (ASSMANN Home)"},"content":{"rendered":"<p>L'armadio ad ante scorrevoli \"Allvia\" \u00e8 un classico per la conservazione di fascicoli e documenti ed \u00e8 un elemento indispensabile per qualsiasi ufficio. Il pannello di copertura superiore pu\u00f2 essere rifinito in diversi decori, rendendo possibile un design pi\u00f9 accogliente:<\/p>\n<ul>\n<li>Completamente in bianco (carcassa bianca, frontale bianco, piastra di copertura bianca)<\/li>\n<li>in rovere chiaro (cassa bianca, frontale bianco, pannello di copertura in \"Rovere Natura\")<\/li>\n<li>in rovere scuro (cassa bianca, frontale bianco, ripiano di copertura in \"rovere tabacco\")<\/li>\n<\/ul>\n<p>Gli armadi ad ante scorrevoli sono sempre disponibili a magazzino e vi saranno consegnati in pochi giorni. Combinano qualit\u00e0, ergonomia e design moderno per un ambiente di lavoro confortevole.<\/p>\n<p>&nbsp;<\/p>\n<div style=\"border: 1px solid #444444; border-radius: 10px; padding: 10px; max-width: 400px; margin: 20px auto; background-color: #eeeeee; font-size: 12px;\">\n<p><strong>Informazioni sul produttore:<\/strong><\/p>\n<p>ASSMANN B\u00fcrom\u00f6bel GmbH &amp; Co. KG<\/p>\n<p>Heinrich Assmann-Stra\u00dfe 11<br \/>\n49324 Melle \/ Germania<\/p>\n<p>Telefono: +49 (0) 5422 706-0<br \/>\nE-mail: assmann@assmann.de<\/p>\n<\/div>\n<p>&nbsp;<\/p>","protected":false},"excerpt":{"rendered":"<ul>\n<li><strong>Porte scorrevoli:<\/strong> Due porte scorrevoli a scorrimento fluido consentono di accedere facilmente ai documenti archiviati<\/li>\n<li><strong>Due ripiani:<\/strong> Ciascuno dei due scomparti pu\u00f2 contenere fino a 25 kg. L'altezza \u00e8 progettata per le classiche cartelle a leva.<\/li>\n<li><strong>Sicurezza:<\/strong> Testato da T\u00dcV, sigillo GS e certificato per il lavoro mobile<\/li>\n<li><strong>Dimensioni<\/strong>100 cm di larghezza, 72,5 cm di altezza, 44 cm di profondit\u00e0.<\/li>\n<\/ul>","protected":false},"featured_media":15555,"template":"","meta":{"content-type":"","inline_featured_image":false},"product_brand":[],"product_cat":[204,190,64],"product_tag":[203,108,113],"class_list":{"0":"post-15545","1":"product","2":"type-product","3":"status-publish","4":"has-post-thumbnail","6":"product_cat-office-aufbewahrung","7":"product_cat-homeoffice-specials","8":"product_cat-zubehoer","9":"product_tag-hersteller-assmann-home","10":"product_tag-made-in-germany","11":"product_tag-schnelle-lieferung","13":"first","14":"instock","15":"taxable","16":"shipping-taxable","17":"purchasable","18":"product-type-simple"},"_links":{"self":[{"href":"https:\/\/xoros-home.de\/it\/wp-json\/wp\/v2\/product\/15545","targetHints":{"allow":["GET"]}}],"collection":[{"href":"https:\/\/xoros-home.de\/it\/wp-json\/wp\/v2\/product"}],"about":[{"href":"https:\/\/xoros-home.de\/it\/wp-json\/wp\/v2\/types\/product"}],"version-history":[{"count":0,"href":"https:\/\/xoros-home.de\/it\/wp-json\/wp\/v2\/product\/15545\/revisions"}],"wp:featuredmedia":[{"embeddable":true,"href":"https:\/\/xoros-home.de\/it\/wp-json\/wp\/v2\/media\/15555"}],"wp:attachment":[{"href":"https:\/\/xoros-home.de\/it\/wp-json\/wp\/v2\/media?parent=15545"}],"wp:term":[{"taxonomy":"product_brand","embeddable":true,"href":"https:\/\/xoros-home.de\/it\/wp-json\/wp\/v2\/product_brand?post=15545"},{"taxonomy":"product_cat","embeddable":true,"href":"https:\/\/xoros-home.de\/it\/wp-json\/wp\/v2\/product_cat?post=15545"},{"taxonomy":"product_tag","embeddable":true,"href":"https:\/\/xoros-home.de\/it\/wp-json\/wp\/v2\/product_tag?post=15545"}],"curies":[{"name":"wp","href":"https:\/\/api.w.org\/{rel}","templated":true}]}}