{"id":15972,"date":"2025-03-10T14:51:30","date_gmt":"2025-03-10T13:51:30","guid":{"rendered":"https:\/\/xoros-home.de\/?post_type=product&#038;p=15972"},"modified":"2025-03-10T14:51:30","modified_gmt":"2025-03-10T13:51:30","slug":"cabina-telefonica-spazio-1-silen","status":"publish","type":"product","link":"https:\/\/xoros-home.de\/it\/produkt\/telefonbox-silen-space-1-silen\/","title":{"rendered":"Cabina telefonica Silen Space 1 (Silen)"},"content":{"rendered":"<p><strong>Dimensioni:<\/strong> 1,10 m x 1,10 m x 2,29 m (esterno)<\/p>\n<p><strong>Peso:<\/strong> 370 kg<\/p>\n<p><strong>Ambito di consegna standard:<\/strong><\/p>\n<ul>\n<li>Pannelli laterali in bianco, nero o grigio argento<\/li>\n<li>Luce LED con rilevatore di presenza<\/li>\n<li>Sistema di ventilazione integrato<\/li>\n<li>A scelta, porta con apertura a destra o a sinistra<\/li>\n<li>Pareti laterali interne con feltro acustico in quattro colori (grigio chiaro, grigio scuro, nero o sabbia)<\/li>\n<li>Moquette in tre colori (grigio chiaro, grigio scuro o nero)<\/li>\n<li>Presa di corrente da 230 V all'interno dell'abitacolo con connessione USB A\/C<\/li>\n<li>Rulli integrati nel pavimento per facilitare lo spostamento durante il montaggio o in caso di necessit\u00e0<\/li>\n<\/ul>\n<p><strong>Disponibile come opzione:<\/strong><\/p>\n<ul>\n<li>Vari colori e materiali per le pareti esterne (metallo, tessuto, impiallacciatura in vero legno)<\/li>\n<li>Accessori interni:\n<ul>\n<li>Tavolo ad altezza fissa (montato ad un'altezza di 1,05 m) - con funzione di lavagna bianca<\/li>\n<li>Tavolo ad altezza fissa (montato ad un'altezza di 1,05 m) - senza funzione lavagna, ma con supporto per monitor<\/li>\n<li>Tavolo regolabile elettricamente in altezza (70-115 cm di altezza)<\/li>\n<li>Sgabello o sgabello da bar integrato in modo permanente<\/li>\n<\/ul>\n<\/li>\n<li>Connessione LAN<\/li>\n<li>Elemento di controllo per l'illuminazione (luminosit\u00e0 e temperatura della luce) e l'intensit\u00e0 della ventilazione<\/li>\n<li>Molte altre opzioni e possibilit\u00e0 di progettazione<\/li>\n<\/ul>\n<p><strong>Modello 3D:<\/strong><\/p>\n<p><iframe src=\"https:\/\/impress.pcon-solutions.com\/?l=de&amp;embed=https%3A%2F%2Fxoroshome-my.sharepoint.com%2F%3Au%3A%2Fg%2Fpersonal%2Ffrank_ehlers_xoros-home_de%2FEb-DZuYWz7JOrDEvl_Zh16EBoDRf0UDVmr6y27am6-ZGYw\" width=\"450\" height=\"450\" frameborder=\"1\" allowfullscreen=\"allowfullscreen\"><span data-mce-type=\"bookmark\" style=\"display: inline-block; width: 0px; overflow: hidden; line-height: 0;\" class=\"mce_SELRES_start\"><\/span><span data-mce-type=\"bookmark\" style=\"display: inline-block; width: 0px; overflow: hidden; line-height: 0;\" class=\"mce_SELRES_start\"><\/span><span data-mce-type=\"bookmark\" style=\"display: inline-block; width: 0px; overflow: hidden; line-height: 0;\" class=\"mce_SELRES_start\"><\/span><span data-mce-type=\"bookmark\" style=\"display: inline-block; width: 0px; overflow: hidden; line-height: 0;\" class=\"mce_SELRES_start\"><\/span><\/iframe><\/p>","protected":false},"excerpt":{"rendered":"<p>Il Silen Space 1 \u00e8 un telebox di alta qualit\u00e0 con un eccellente isolamento acustico (classe di isolamento acustico A). Ci\u00f2 si riflette nelle pareti molto spesse, che comportano un peso relativamente elevato di oltre 370 kg a causa della quantit\u00e0 di materiale utilizzato.  Tuttavia, grazie alle rotelle integrate, il Silen Space 1 pu\u00f2 essere spostato in orizzontale con estrema facilit\u00e0. Altri punti di forza sono la qualit\u00e0 certificata dell'aria all'interno e le numerose opzioni di equipaggiamento:<\/p>\n<ul>\n<li>con tavolo ad altezza fissa (in piedi) o con tavolo regolabile elettricamente in altezza<\/li>\n<li>Due versioni diverse per gli sgabelli (integrato e regolabile in altezza o sgabello da bar ad altezza fissa)<\/li>\n<li>Opzionale con supporto per monitor<\/li>\n<li>Pannelli laterali intercambiabili in metallo \/ tessuto \/ impiallacciatura in vero legno<\/li>\n<li>Vari tessuti e colori per interni, esterni, mobili e tappeti<\/li>\n<\/ul>\n<p>&nbsp;<\/p>","protected":false},"featured_media":15973,"template":"","meta":{"content-type":"","inline_featured_image":false},"product_brand":[],"product_cat":[131],"product_tag":[132,202],"class_list":{"0":"post-15972","1":"product","2":"type-product","3":"status-publish","4":"has-post-thumbnail","6":"product_cat-telefonbox","7":"product_tag-effizienter-schallschutz","8":"product_tag-hersteller-silen","10":"first","11":"instock","12":"taxable","13":"shipping-taxable","14":"purchasable","15":"product-type-simple"},"_links":{"self":[{"href":"https:\/\/xoros-home.de\/it\/wp-json\/wp\/v2\/product\/15972","targetHints":{"allow":["GET"]}}],"collection":[{"href":"https:\/\/xoros-home.de\/it\/wp-json\/wp\/v2\/product"}],"about":[{"href":"https:\/\/xoros-home.de\/it\/wp-json\/wp\/v2\/types\/product"}],"version-history":[{"count":0,"href":"https:\/\/xoros-home.de\/it\/wp-json\/wp\/v2\/product\/15972\/revisions"}],"wp:featuredmedia":[{"embeddable":true,"href":"https:\/\/xoros-home.de\/it\/wp-json\/wp\/v2\/media\/15973"}],"wp:attachment":[{"href":"https:\/\/xoros-home.de\/it\/wp-json\/wp\/v2\/media?parent=15972"}],"wp:term":[{"taxonomy":"product_brand","embeddable":true,"href":"https:\/\/xoros-home.de\/it\/wp-json\/wp\/v2\/product_brand?post=15972"},{"taxonomy":"product_cat","embeddable":true,"href":"https:\/\/xoros-home.de\/it\/wp-json\/wp\/v2\/product_cat?post=15972"},{"taxonomy":"product_tag","embeddable":true,"href":"https:\/\/xoros-home.de\/it\/wp-json\/wp\/v2\/product_tag?post=15972"}],"curies":[{"name":"wp","href":"https:\/\/api.w.org\/{rel}","templated":true}]}}