{"id":16323,"date":"2025-03-17T16:06:10","date_gmt":"2025-03-17T15:06:10","guid":{"rendered":"https:\/\/xoros-home.de\/?post_type=product&#038;p=16323"},"modified":"2025-03-17T16:06:11","modified_gmt":"2025-03-17T15:06:11","slug":"meetingbox-silen-spazio-2-silen","status":"publish","type":"product","link":"https:\/\/xoros-home.de\/it\/produkt\/meetingbox-silen-space-2-silen\/","title":{"rendered":"Meetingbox Silen Space 2 (Silen)"},"content":{"rendered":"<p><strong>Dimensioni:<\/strong> 2,40 m x 1,22 m x 2,29 m (esterno)<\/p>\n<p><strong>Peso:<\/strong> 670 kg<\/p>\n<p><strong>Ambito di consegna standard:<\/strong><\/p>\n<ul>\n<li>Pannelli laterali in bianco, nero o grigio argento<\/li>\n<li>Luce LED con rilevatore di presenza<\/li>\n<li>Sistema di ventilazione integrato<\/li>\n<li>Porta opzionale con apertura a destra o a sinistra<\/li>\n<li>Pareti laterali interne con feltro acustico in quattro colori (grigio chiaro, grigio scuro, nero o sabbia)<\/li>\n<li>Moquette in tre colori (grigio chiaro, grigio scuro o nero)<\/li>\n<li>2x presa di corrente 230V nel pavimento<\/li>\n<li>Rulli integrati nel pavimento per facilitare lo spostamento durante il montaggio o in caso di necessit\u00e0<\/li>\n<\/ul>\n<p><strong>Disponibile come opzione:<\/strong><\/p>\n<ul>\n<li>Vari colori e materiali per le pareti esterne (metallo, tessuto, impiallacciatura in vero legno)<\/li>\n<li>Accessori interni:\n<ul>\n<li>1x tavolo ad altezza fissa (montato ad un'altezza di 0,73 m) con comodo divano con schienale basso in vari tessuti\/colori<\/li>\n<li>2x tavoli mobili per laptop (altezza 70 cm) con comodo divano con schienale alto in vari tessuti\/colori<\/li>\n<\/ul>\n<\/li>\n<li>Connessione LAN<\/li>\n<li>Elemento di controllo per l'illuminazione (luminosit\u00e0 e temperatura della luce) e l'intensit\u00e0 della ventilazione<\/li>\n<li>Supporto per monitor sulla parete posteriore in vetro<\/li>\n<li>Molte altre opzioni e possibilit\u00e0 di progettazione<\/li>\n<\/ul>\n<p><strong>Modello 3D:<\/strong><\/p>\n<p><iframe src=\"https:\/\/impress.pcon-solutions.com\/?l=de&amp;embed=https%3A%2F%2Fxoroshome-my.sharepoint.com%2F%3Au%3A%2Fg%2Fpersonal%2Ffrank_ehlers_xoros-home_de%2FEbxcPPr9qt9GviVsr8nK5DQBoSM69FJ1PaxuIahvFmezVA\" width=\"450\" height=\"450\" frameborder=\"1\" allowfullscreen=\"allowfullscreen\"><span data-mce-type=\"bookmark\" style=\"display: inline-block; width: 0px; overflow: hidden; line-height: 0;\" class=\"mce_SELRES_start\"><\/span><span data-mce-type=\"bookmark\" style=\"display: inline-block; width: 0px; overflow: hidden; line-height: 0;\" class=\"mce_SELRES_start\"><\/span><span data-mce-type=\"bookmark\" style=\"display: inline-block; width: 0px; overflow: hidden; line-height: 0;\" class=\"mce_SELRES_start\"><\/span><span data-mce-type=\"bookmark\" style=\"display: inline-block; width: 0px; overflow: hidden; line-height: 0;\" class=\"mce_SELRES_start\"><\/span><\/iframe><\/p>","protected":false},"excerpt":{"rendered":"<p>Silen Space 2 \u00e8 una sala riunioni di alta qualit\u00e0 con un eccellente isolamento acustico (classe di isolamento acustico A). Ci\u00f2 si riflette nelle pareti molto spesse, che comportano un peso relativamente elevato di 670 kg a causa della quantit\u00e0 di materiale utilizzato.  Tuttavia, grazie alle rotelle integrate, il Silen Space 2 pu\u00f2 essere spostato in orizzontale con estrema facilit\u00e0. Altri punti di forza sono la qualit\u00e0 certificata dell'aria all'interno e le numerose opzioni di equipaggiamento:<\/p>\n<ul>\n<li>Sono disponibili due diversi interni (combinazioni divano-tavolo)<\/li>\n<li>Pannelli laterali intercambiabili in metallo \/ tessuto \/ impiallacciatura in vero legno<\/li>\n<li>Vari tessuti e colori per interni, esterni, mobili e tappeti<\/li>\n<\/ul>\n<p>In termini di dimensioni, il Silen Space 2 - come suggerisce il nome - pu\u00f2 ospitare comodamente due persone. Tuttavia, le dimensioni sono cos\u00ec generose che, in teoria, nel Meeingbox potrebbero entrare fino a quattro persone con una distanza tra i sedili leggermente pi\u00f9 ridotta (con una larghezza di 58 cm per persona).<\/p>","protected":false},"featured_media":16325,"template":"","meta":{"content-type":"","inline_featured_image":false},"product_brand":[],"product_cat":[159],"product_tag":[132,202],"class_list":{"0":"post-16323","1":"product","2":"type-product","3":"status-publish","4":"has-post-thumbnail","6":"product_cat-meetingbox","7":"product_tag-effizienter-schallschutz","8":"product_tag-hersteller-silen","10":"first","11":"instock","12":"taxable","13":"shipping-taxable","14":"purchasable","15":"product-type-simple"},"_links":{"self":[{"href":"https:\/\/xoros-home.de\/it\/wp-json\/wp\/v2\/product\/16323","targetHints":{"allow":["GET"]}}],"collection":[{"href":"https:\/\/xoros-home.de\/it\/wp-json\/wp\/v2\/product"}],"about":[{"href":"https:\/\/xoros-home.de\/it\/wp-json\/wp\/v2\/types\/product"}],"version-history":[{"count":0,"href":"https:\/\/xoros-home.de\/it\/wp-json\/wp\/v2\/product\/16323\/revisions"}],"wp:featuredmedia":[{"embeddable":true,"href":"https:\/\/xoros-home.de\/it\/wp-json\/wp\/v2\/media\/16325"}],"wp:attachment":[{"href":"https:\/\/xoros-home.de\/it\/wp-json\/wp\/v2\/media?parent=16323"}],"wp:term":[{"taxonomy":"product_brand","embeddable":true,"href":"https:\/\/xoros-home.de\/it\/wp-json\/wp\/v2\/product_brand?post=16323"},{"taxonomy":"product_cat","embeddable":true,"href":"https:\/\/xoros-home.de\/it\/wp-json\/wp\/v2\/product_cat?post=16323"},{"taxonomy":"product_tag","embeddable":true,"href":"https:\/\/xoros-home.de\/it\/wp-json\/wp\/v2\/product_tag?post=16323"}],"curies":[{"name":"wp","href":"https:\/\/api.w.org\/{rel}","templated":true}]}}