{"id":4943,"date":"2022-01-21T13:44:37","date_gmt":"2022-01-21T12:44:37","guid":{"rendered":"https:\/\/xoros-home.de\/?post_type=product&#038;p=4943"},"modified":"2024-02-23T12:17:38","modified_gmt":"2024-02-23T11:17:38","slug":"capisco-8106-hag","status":"publish","type":"product","link":"https:\/\/xoros-home.de\/it\/produkt\/capisco-8106-hag\/","title":{"rendered":"Capisco 8106 grigio chiaro - argento (H\u00c5G)"},"content":{"rendered":"<p>SELEZIONE TESSUTO Grigio chiaro Cura (Gabriel) CU60110<br \/>\nTELAIO Argento MC012<br \/>\nMOLLA A GAS Molla a gas 200 mm LI002<br \/>\nCROCE DI PIEDE Alluminio G3 FB034<br \/>\nROLLER Ruote morbide per pavimenti duri CA006<br \/>\nSCHIUMA - Standard FC001<\/p>\n<p><strong>Informazioni sulla selezione dei tessuti:<\/strong><\/p>\n<p>Cura \u00e8 un tessuto bicolore realizzato in poliestere riciclato post-consumo 98%. Ha una texture opaca, leggermente irregolare e dall'aspetto naturale, in cui le fibre grigie scure sottostanti creano un sottile ma vivace effetto melange. Grazie alla sua elevata resistenza ed estensibilit\u00e0 e alla sua sensazione di morbidezza e volume, Cura \u00e8 adatto sia per l'ufficio che per i mobili da salotto.<\/p>\n<p><strong>Composizione:<\/strong>\u00a098% poliestere riciclato post-consumo, 2% poliestere<\/p>\n<p>&nbsp;<\/p>\n<figure id=\"attachment_4946\" aria-describedby=\"caption-attachment-4946\" style=\"width: 768px\" class=\"wp-caption alignnone\"><img fetchpriority=\"high\" decoding=\"async\" class=\"wp-image-4946 size-large\" src=\"https:\/\/xoros-home.de\/wp-content\/uploads\/2022\/01\/Capisco-8106_4102_3Newspaper-768x1024.jpg\" alt=\"\" width=\"768\" height=\"1024\" srcset=\"https:\/\/xoros-home.de\/wp-content\/uploads\/2022\/01\/Capisco-8106_4102_3Newspaper-768x1024.jpg 768w, https:\/\/xoros-home.de\/wp-content\/uploads\/2022\/01\/Capisco-8106_4102_3Newspaper-600x801.jpg 600w, https:\/\/xoros-home.de\/wp-content\/uploads\/2022\/01\/Capisco-8106_4102_3Newspaper-225x300.jpg 225w, https:\/\/xoros-home.de\/wp-content\/uploads\/2022\/01\/Capisco-8106_4102_3Newspaper-1152x1536.jpg 1152w, https:\/\/xoros-home.de\/wp-content\/uploads\/2022\/01\/Capisco-8106_4102_3Newspaper.jpg 1200w\" sizes=\"(max-width: 768px) 100vw, 768px\" \/><figcaption id=\"caption-attachment-4946\" class=\"wp-caption-text\">Il Capisco \u00e8 molto accogliente grazie all'elegante scelta dei tessuti! (L'immagine mostra altre attrezzature)<\/figcaption><\/figure>","protected":false},"excerpt":{"rendered":"<p>La particolarit\u00e0 della sedia Capisco \u00e8 che, grazie alla forma a sella del sedile, consente variazioni di seduta molto diverse nelle quattro direzioni. Con Capisco non esiste il \"sottosopra\"! La forma ben studiata dello schienale consente una posizione di seduta confortevole in tutte le posizioni.<\/p>\n<p>H\u00c5G Capisco 8106 \u00e8 dotato di sedile e schienale. Il sedile \u00e8 regolabile in altezza, da basso a sollevato, fino alla posizione di lavoro in piedi. Ci\u00f2 consente di muoversi liberamente e di rimanere seduti in modo confortevole e bilanciato. La profondit\u00e0 del sedile e l'altezza dello schienale possono essere regolate individualmente. L'angolo di inclinazione pu\u00f2 essere regolato e bloccato.<\/p>\n<p><strong>Modello \"grigio chiaro - argento\": <\/strong>rivestimento in tessuto grigio chiaro, struttura e base in argento.<\/p>\n<p>&nbsp;<\/p>","protected":false},"featured_media":8604,"template":"","meta":{"content-type":"","inline_featured_image":false},"product_brand":[],"product_cat":[191,39,41],"product_tag":[112,44,53],"class_list":{"0":"post-4943","1":"product","2":"type-product","3":"status-publish","4":"has-post-thumbnail","6":"product_cat-homeoffice-design-premium","7":"product_cat-moebel","8":"product_cat-schreibtischstuehle","9":"product_tag-einfache-selbstmontage","10":"product_tag-ergonomisch","11":"product_tag-hersteller-hag","13":"first","14":"instock","15":"taxable","16":"shipping-taxable","17":"purchasable","18":"product-type-simple"},"_links":{"self":[{"href":"https:\/\/xoros-home.de\/it\/wp-json\/wp\/v2\/product\/4943","targetHints":{"allow":["GET"]}}],"collection":[{"href":"https:\/\/xoros-home.de\/it\/wp-json\/wp\/v2\/product"}],"about":[{"href":"https:\/\/xoros-home.de\/it\/wp-json\/wp\/v2\/types\/product"}],"version-history":[{"count":1,"href":"https:\/\/xoros-home.de\/it\/wp-json\/wp\/v2\/product\/4943\/revisions"}],"predecessor-version":[{"id":5134,"href":"https:\/\/xoros-home.de\/it\/wp-json\/wp\/v2\/product\/4943\/revisions\/5134"}],"wp:featuredmedia":[{"embeddable":true,"href":"https:\/\/xoros-home.de\/it\/wp-json\/wp\/v2\/media\/8604"}],"wp:attachment":[{"href":"https:\/\/xoros-home.de\/it\/wp-json\/wp\/v2\/media?parent=4943"}],"wp:term":[{"taxonomy":"product_brand","embeddable":true,"href":"https:\/\/xoros-home.de\/it\/wp-json\/wp\/v2\/product_brand?post=4943"},{"taxonomy":"product_cat","embeddable":true,"href":"https:\/\/xoros-home.de\/it\/wp-json\/wp\/v2\/product_cat?post=4943"},{"taxonomy":"product_tag","embeddable":true,"href":"https:\/\/xoros-home.de\/it\/wp-json\/wp\/v2\/product_tag?post=4943"}],"curies":[{"name":"wp","href":"https:\/\/api.w.org\/{rel}","templated":true}]}}