{"id":5045,"date":"2022-01-24T18:09:56","date_gmt":"2022-01-24T17:09:56","guid":{"rendered":"https:\/\/xoros-home.de\/?post_type=product&#038;p=5045"},"modified":"2023-11-06T16:26:13","modified_gmt":"2023-11-06T15:26:13","slug":"ply-vertiko-mueller-small-living","status":"publish","type":"product","link":"https:\/\/xoros-home.de\/it\/produkt\/ply-vertiko-mueller-small-living\/","title":{"rendered":"Pensile Ply Vertiko (M\u00fcller Small Living)"},"content":{"rendered":"","protected":false},"excerpt":{"rendered":"<p>La segreteria a parete \"Ply\" della serie Vertiko di M\u00fcller Small Living \u00e8 una soluzione intelligente per gli uffici domestici con spazio limitato. La segreteria \u00e8 composta da tre ripiani e da un ampio piano di lavoro pieghevole. Montata a parete, la segreteria pu\u00f2 essere regolata individualmente all'altezza giusta.<\/p>\n<p><strong>Dimensioni: <\/strong>Altezza 740 mm, larghezza 740 mm, profondit\u00e0 350 mm<\/p>\n<p><strong>Materiale: <\/strong>Compensato di betulla da 18 mm, ricoperto da un rivestimento CPL ad alta resistenza<\/p>\n<p><strong>Colori:<\/strong> antracite, bianco<\/p>\n<p>&nbsp;<\/p>\n<p>&nbsp;<\/p>","protected":false},"featured_media":5048,"template":"","meta":{"content-type":"","inline_featured_image":false},"product_brand":[],"product_cat":[40,39],"product_tag":[49,51,45],"class_list":{"0":"post-5045","1":"product","2":"type-product","3":"status-publish","4":"has-post-thumbnail","6":"product_cat-schreibtische","7":"product_cat-moebel","8":"product_tag-hersteller-mueller-small-living","9":"product_tag-klappbar","10":"product_tag-platzsparend","12":"first","13":"instock","14":"taxable","15":"shipping-taxable","16":"purchasable","17":"product-type-simple"},"_links":{"self":[{"href":"https:\/\/xoros-home.de\/it\/wp-json\/wp\/v2\/product\/5045","targetHints":{"allow":["GET"]}}],"collection":[{"href":"https:\/\/xoros-home.de\/it\/wp-json\/wp\/v2\/product"}],"about":[{"href":"https:\/\/xoros-home.de\/it\/wp-json\/wp\/v2\/types\/product"}],"version-history":[{"count":1,"href":"https:\/\/xoros-home.de\/it\/wp-json\/wp\/v2\/product\/5045\/revisions"}],"predecessor-version":[{"id":5123,"href":"https:\/\/xoros-home.de\/it\/wp-json\/wp\/v2\/product\/5045\/revisions\/5123"}],"wp:featuredmedia":[{"embeddable":true,"href":"https:\/\/xoros-home.de\/it\/wp-json\/wp\/v2\/media\/5048"}],"wp:attachment":[{"href":"https:\/\/xoros-home.de\/it\/wp-json\/wp\/v2\/media?parent=5045"}],"wp:term":[{"taxonomy":"product_brand","embeddable":true,"href":"https:\/\/xoros-home.de\/it\/wp-json\/wp\/v2\/product_brand?post=5045"},{"taxonomy":"product_cat","embeddable":true,"href":"https:\/\/xoros-home.de\/it\/wp-json\/wp\/v2\/product_cat?post=5045"},{"taxonomy":"product_tag","embeddable":true,"href":"https:\/\/xoros-home.de\/it\/wp-json\/wp\/v2\/product_tag?post=5045"}],"curies":[{"name":"wp","href":"https:\/\/api.w.org\/{rel}","templated":true}]}}