{"id":6678,"date":"2022-03-09T11:51:50","date_gmt":"2022-03-09T10:51:50","guid":{"rendered":"https:\/\/xoros-home.de\/?post_type=product&#038;p=6678"},"modified":"2024-02-23T10:55:00","modified_gmt":"2024-02-23T09:55:00","slug":"secretaire-pieghevole-a-parete-edizione-xoros","status":"publish","type":"product","link":"https:\/\/xoros-home.de\/it\/produkt\/klappbarer-wandsekretaer-edition-xoros\/","title":{"rendered":"Segreteria pieghevole a parete (EDITION XOROS)"},"content":{"rendered":"<p>La nostra scrivania pieghevole a parete EDITION XOROS \u00e8 pi\u00f9 di una semplice scrivania: il suo sofisticato design interno le conferisce la funzionalit\u00e0 di un mini-studio! Luce LED, prese e porte USB incluse!<\/p>\n<p>Il nostro armadio a muro viene fornito per l'autoassemblaggio; le tre strisce di imballaggio, che possono essere avvitate insieme per formare un supporto di montaggio, servono come aiuto per il montaggio.<strong>\u00a0<\/strong>Il servizio di montaggio \u00e8 disponibile a pagamento.<\/p>\n<p><strong>Dimensioni:<\/strong> 120 x 65 cm. Profondit\u00e0 con piano d'appoggio ripiegato: 26 cm. Dimensioni del piano d'appoggio non piegato: 119 x 63 cm.<\/p>\n<p><strong>Accessori interni:<\/strong><br \/>\n2 reggilibri in metallo per archiviazione, colore come pannello laterale, H = 41 cm, P = 16 cm<br \/>\n1 ripiano inclinato\/laptop in metallo, colore come pannello laterale, D = 8 cm<br \/>\n1 lavagna magnetica (35 x 21 cm), magneti, colore come pannello laterale<br \/>\n1 vassoio portaoggetti in metallo, dello stesso colore del pannello laterale<br \/>\n1 Portapenne, 5 scomparti, plastica nera<br \/>\n1 pannello metallico (51,5 x 6 cm), dello stesso colore del pannello laterale<br \/>\n1 luce LED (51,5 x 8,5 x 8 cm), 10 W, 4000 K, con 2x prese, 2x porta USB, pannello<br \/>\n1 apertura per cavi \u00d8 6 cm, scatola per cavi color argento<\/p>","protected":false},"excerpt":{"rendered":"<p>Siamo orgogliosi di presentarvi l'elegante segretaria a muro e la scrivania pieghevole del nostro marchio!<\/p>\n<p><img decoding=\"async\" class=\"alignnone wp-image-6607 size-medium\" src=\"https:\/\/xoros-home.de\/wp-content\/uploads\/2022\/03\/Edition-Xoros-300x57.png\" alt=\"\" width=\"300\" height=\"57\" srcset=\"https:\/\/xoros-home.de\/wp-content\/uploads\/2022\/03\/Edition-Xoros-300x57.png 300w, https:\/\/xoros-home.de\/wp-content\/uploads\/2022\/03\/Edition-Xoros-1024x195.png 1024w, https:\/\/xoros-home.de\/wp-content\/uploads\/2022\/03\/Edition-Xoros-768x146.png 768w, https:\/\/xoros-home.de\/wp-content\/uploads\/2022\/03\/Edition-Xoros-1536x293.png 1536w, https:\/\/xoros-home.de\/wp-content\/uploads\/2022\/03\/Edition-Xoros-2048x390.png 2048w, https:\/\/xoros-home.de\/wp-content\/uploads\/2022\/03\/Edition-Xoros-600x114.png 600w\" sizes=\"(max-width: 300px) 100vw, 300px\" \/><\/p>\n<ul>\n<li>Prodotto in Europa<\/li>\n<li>Legno proveniente da una gestione forestale responsabile (certificato FSC)<\/li>\n<li>in stock \/ tempi di consegna brevi<\/li>\n<\/ul>\n<p>&nbsp;<\/p>","protected":false},"featured_media":6936,"template":"","meta":{"content-type":"","inline_featured_image":false},"product_brand":[],"product_cat":[190,39,40],"product_tag":[112,96,51,45,113],"class_list":{"0":"post-6678","1":"product","2":"type-product","3":"status-publish","4":"has-post-thumbnail","6":"product_cat-homeoffice-specials","7":"product_cat-moebel","8":"product_cat-schreibtische","9":"product_tag-einfache-selbstmontage","10":"product_tag-hersteller-edition-xoros","11":"product_tag-klappbar","12":"product_tag-platzsparend","13":"product_tag-schnelle-lieferung","15":"first","16":"instock","17":"taxable","18":"shipping-taxable","19":"purchasable","20":"product-type-simple"},"_links":{"self":[{"href":"https:\/\/xoros-home.de\/it\/wp-json\/wp\/v2\/product\/6678","targetHints":{"allow":["GET"]}}],"collection":[{"href":"https:\/\/xoros-home.de\/it\/wp-json\/wp\/v2\/product"}],"about":[{"href":"https:\/\/xoros-home.de\/it\/wp-json\/wp\/v2\/types\/product"}],"version-history":[{"count":1,"href":"https:\/\/xoros-home.de\/it\/wp-json\/wp\/v2\/product\/6678\/revisions"}],"predecessor-version":[{"id":6688,"href":"https:\/\/xoros-home.de\/it\/wp-json\/wp\/v2\/product\/6678\/revisions\/6688"}],"wp:featuredmedia":[{"embeddable":true,"href":"https:\/\/xoros-home.de\/it\/wp-json\/wp\/v2\/media\/6936"}],"wp:attachment":[{"href":"https:\/\/xoros-home.de\/it\/wp-json\/wp\/v2\/media?parent=6678"}],"wp:term":[{"taxonomy":"product_brand","embeddable":true,"href":"https:\/\/xoros-home.de\/it\/wp-json\/wp\/v2\/product_brand?post=6678"},{"taxonomy":"product_cat","embeddable":true,"href":"https:\/\/xoros-home.de\/it\/wp-json\/wp\/v2\/product_cat?post=6678"},{"taxonomy":"product_tag","embeddable":true,"href":"https:\/\/xoros-home.de\/it\/wp-json\/wp\/v2\/product_tag?post=6678"}],"curies":[{"name":"wp","href":"https:\/\/api.w.org\/{rel}","templated":true}]}}