{"id":8453,"date":"2022-06-16T16:49:40","date_gmt":"2022-06-16T14:49:40","guid":{"rendered":"https:\/\/xoros-home.de\/?post_type=product&#038;p=8453"},"modified":"2024-02-23T12:15:50","modified_gmt":"2024-02-23T11:15:50","slug":"capisco-puls-8020-nero-grigio-scuro-hag","status":"publish","type":"product","link":"https:\/\/xoros-home.de\/it\/produkt\/capisco-puls-8020-schwarz-dunkelgrau-hag\/","title":{"rendered":"Capisco Puls 8020 nero-grigio scuro (H\u00c5G)"},"content":{"rendered":"<p>H\u00c5G CAPISCO PULS 8020 - CUSCINO EXTRA PER IL MASSIMO COMFORT<\/p>\n<ul>\n<li>PLASTICA Nero PL100<\/li>\n<li>TELAIO Nero MC011<\/li>\n<li>MOLLA A GAS Molla a gas 200 mm LI002<\/li>\n<li>CROCE DI PIEDE Alluminio G3 FB034<\/li>\n<li>ROLLER Ruote morbide per pavimenti duri CA006<\/li>\n<li>SCHIUMA - Standard FC001<\/li>\n<li>SELEZIONE DEL TESSUTO Capture grigio scuro (Gabriel) CPT4601<\/li>\n<\/ul>\n<p>&nbsp;<\/p>\n<p><strong>Informazioni sulla selezione dei tessuti:<\/strong><\/p>\n<p>Capture \u00e8 un tessuto di lana leggermente infeltrito e multicolore che unisce comfort, elasticit\u00e0 e durata. I colori chiari e scuri si fondono per creare un raffinato motivo m\u00e9lange in sottili sfumature che conferiscono al design un aspetto e una profondit\u00e0 sofisticati.<\/p>","protected":false},"excerpt":{"rendered":"<p>La gamma Capisco \u00e8 il fiore all'occhiello del marchio H\u00c5G. Il modello CAPISCO PULS 8020 \u00e8 una sedia in plastica con sedile e schienale a sella. Un'ulteriore <strong>Tappetino per sedili<\/strong> garantisce un maggiore comfort. Il sedile della sella \u00e8 regolabile in altezza, passando da posizioni di lavoro basse a posizioni rialzate o semi-erette. Ci\u00f2 consente di muoversi liberamente e di rimanere seduti in modo confortevole e bilanciato. La profondit\u00e0 del sedile e l'altezza dello schienale sono regolabili. L'angolo di inclinazione pu\u00f2 essere impostato e bloccato.<\/p>\n<p>La configurazione qui proposta combina un<strong> nero<\/strong> Schienale in plastica, <strong>Telaio nero<\/strong> e base a stella nera con una <strong>copertura grigio scuro<\/strong> in lana neozelandese 85 % e poliammide 15 %.<\/p>","protected":false},"featured_media":8456,"template":"","meta":{"content-type":"","inline_featured_image":false},"product_brand":[],"product_cat":[191,39,41],"product_tag":[112,44,53],"class_list":{"0":"post-8453","1":"product","2":"type-product","3":"status-publish","4":"has-post-thumbnail","6":"product_cat-homeoffice-design-premium","7":"product_cat-moebel","8":"product_cat-schreibtischstuehle","9":"product_tag-einfache-selbstmontage","10":"product_tag-ergonomisch","11":"product_tag-hersteller-hag","13":"first","14":"instock","15":"taxable","16":"shipping-taxable","17":"purchasable","18":"product-type-simple"},"_links":{"self":[{"href":"https:\/\/xoros-home.de\/it\/wp-json\/wp\/v2\/product\/8453","targetHints":{"allow":["GET"]}}],"collection":[{"href":"https:\/\/xoros-home.de\/it\/wp-json\/wp\/v2\/product"}],"about":[{"href":"https:\/\/xoros-home.de\/it\/wp-json\/wp\/v2\/types\/product"}],"version-history":[{"count":1,"href":"https:\/\/xoros-home.de\/it\/wp-json\/wp\/v2\/product\/8453\/revisions"}],"predecessor-version":[{"id":8728,"href":"https:\/\/xoros-home.de\/it\/wp-json\/wp\/v2\/product\/8453\/revisions\/8728"}],"wp:featuredmedia":[{"embeddable":true,"href":"https:\/\/xoros-home.de\/it\/wp-json\/wp\/v2\/media\/8456"}],"wp:attachment":[{"href":"https:\/\/xoros-home.de\/it\/wp-json\/wp\/v2\/media?parent=8453"}],"wp:term":[{"taxonomy":"product_brand","embeddable":true,"href":"https:\/\/xoros-home.de\/it\/wp-json\/wp\/v2\/product_brand?post=8453"},{"taxonomy":"product_cat","embeddable":true,"href":"https:\/\/xoros-home.de\/it\/wp-json\/wp\/v2\/product_cat?post=8453"},{"taxonomy":"product_tag","embeddable":true,"href":"https:\/\/xoros-home.de\/it\/wp-json\/wp\/v2\/product_tag?post=8453"}],"curies":[{"name":"wp","href":"https:\/\/api.w.org\/{rel}","templated":true}]}}