{"id":8737,"date":"2022-06-30T17:49:58","date_gmt":"2022-06-30T15:49:58","guid":{"rendered":"https:\/\/xoros-home.de\/?post_type=product&#038;p=8737"},"modified":"2024-02-23T12:18:34","modified_gmt":"2024-02-23T11:18:34","slug":"lampada-da-terra-concept-f-molto-luce","status":"publish","type":"product","link":"https:\/\/xoros-home.de\/it\/produkt\/stehleuchte-concept-f-molto-luce\/","title":{"rendered":"Lampada da terra Concept F (Molto Luce)"},"content":{"rendered":"<p>CONCEPT F FARO A STABILIZZAZIONE in alluminio, riflettore a superficie libera micro-sfaccettata, angolo di emissione per singola postazione di lavoro, colore della luce 3000K (bianco caldo), emissione di luce diretta\/indiretta 30:70, UGR &lt;19, con alimentatore, max. 1500mA, dimmerabilit\u00e0: Push Dim, cavo nero, IP20, interruttore a membrana con connessione USB (max. 1A)<\/p>\n<p>La lampada da terra CONCEPT \u00e8 disponibile nelle seguenti versioni <strong>SINISTRA<\/strong> e <strong>DIRITTO<\/strong>. Il modello LEFT \u00e8 solitamente posizionato a sinistra della scrivania sulla gamba posteriore del tavolo, mentre il modello RIGHT \u00e8 posizionato a destra. \u00c8 possibile anche l'uso inverso, ma in questo caso \u00e8 necessario scegliere una posizione centrale tra le gambe del tavolo (anzich\u00e9 a destra sul retro).<\/p>\n<p>Sono disponibili anche due versioni di colore diverso:<\/p>\n<ul>\n<li>nero, simile a RAL 9005<\/li>\n<li>bianco, simile a RAL 9016<\/li>\n<\/ul>","protected":false},"excerpt":{"rendered":"<p>La piantana \"Concept F\" \u00e8 progettata per essere installata in posizione frontale\/vicino alla scrivania e illuminare comunque l'intera postazione di lavoro con la massima omogeneit\u00e0. I riflettori asimmetrici a forma libera dirigono la luce in modo mirato sulla postazione di lavoro e garantiscono un comfort visivo senza abbagliamenti.<\/p>\n<p>La lampada pu\u00f2 essere regolata tramite un interruttore a membrana e dispone anche di una pratica porta USB per la ricarica dei dispositivi elettronici.<\/p>\n<p><img decoding=\"async\" class=\"alignnone size-medium wp-image-8624\" src=\"https:\/\/xoros-home.de\/wp-content\/uploads\/2022\/06\/Molto-Luce-300x63.jpg\" alt=\"\" width=\"300\" height=\"63\" srcset=\"https:\/\/xoros-home.de\/wp-content\/uploads\/2022\/06\/Molto-Luce-300x63.jpg 300w, https:\/\/xoros-home.de\/wp-content\/uploads\/2022\/06\/Molto-Luce-768x161.jpg 768w, https:\/\/xoros-home.de\/wp-content\/uploads\/2022\/06\/Molto-Luce-600x126.jpg 600w, https:\/\/xoros-home.de\/wp-content\/uploads\/2022\/06\/Molto-Luce.jpg 817w\" sizes=\"(max-width: 300px) 100vw, 300px\" \/><\/p>","protected":false},"featured_media":8741,"template":"","meta":{"content-type":"","inline_featured_image":false},"product_brand":[],"product_cat":[110,39,193],"product_tag":[112,44,116],"class_list":{"0":"post-8737","1":"product","2":"type-product","3":"status-publish","4":"has-post-thumbnail","6":"product_cat-leuchten","7":"product_cat-moebel","8":"product_cat-office-leuchten","9":"product_tag-einfache-selbstmontage","10":"product_tag-ergonomisch","11":"product_tag-hersteller-molto-luce","13":"first","14":"instock","15":"taxable","16":"shipping-taxable","17":"purchasable","18":"product-type-simple"},"_links":{"self":[{"href":"https:\/\/xoros-home.de\/it\/wp-json\/wp\/v2\/product\/8737","targetHints":{"allow":["GET"]}}],"collection":[{"href":"https:\/\/xoros-home.de\/it\/wp-json\/wp\/v2\/product"}],"about":[{"href":"https:\/\/xoros-home.de\/it\/wp-json\/wp\/v2\/types\/product"}],"version-history":[{"count":0,"href":"https:\/\/xoros-home.de\/it\/wp-json\/wp\/v2\/product\/8737\/revisions"}],"wp:featuredmedia":[{"embeddable":true,"href":"https:\/\/xoros-home.de\/it\/wp-json\/wp\/v2\/media\/8741"}],"wp:attachment":[{"href":"https:\/\/xoros-home.de\/it\/wp-json\/wp\/v2\/media?parent=8737"}],"wp:term":[{"taxonomy":"product_brand","embeddable":true,"href":"https:\/\/xoros-home.de\/it\/wp-json\/wp\/v2\/product_brand?post=8737"},{"taxonomy":"product_cat","embeddable":true,"href":"https:\/\/xoros-home.de\/it\/wp-json\/wp\/v2\/product_cat?post=8737"},{"taxonomy":"product_tag","embeddable":true,"href":"https:\/\/xoros-home.de\/it\/wp-json\/wp\/v2\/product_tag?post=8737"}],"curies":[{"name":"wp","href":"https:\/\/api.w.org\/{rel}","templated":true}]}}