{"id":8761,"date":"2022-07-01T17:47:32","date_gmt":"2022-07-01T15:47:32","guid":{"rendered":"https:\/\/xoros-home.de\/?post_type=product&#038;p=8761"},"modified":"2024-02-23T11:47:11","modified_gmt":"2024-02-23T10:47:11","slug":"sedia-girevole-per-sincronizzare-il-lavoro-mesh-pro-bianco-trendoffice","status":"publish","type":"product","link":"https:\/\/xoros-home.de\/it\/produkt\/drehstuhl-to-sync-work-mesh-pro-white-trendoffice\/","title":{"rendered":"Sedia girevole to-sync work mesh pro bianco (Trendoffice)"},"content":{"rendered":"<p><strong>Schienale:\u00a0<\/strong>Schienale alto in rete traspirante (57 cm) in bianco, con supporto lombare regolabile in altezza (6 cm)<\/p>\n<p><strong>Superficie del sedile:\u00a0<\/strong>Sedile imbottito ergonomicamente, tessuto di rivestimento Focus (nero), 80.000 cicli di abrasione<\/p>\n<p><strong>Altezza del sedile:\u00a0<\/strong>Regolazione continua dell'altezza del sedile per un'altezza di circa 41 - 52 cm.<\/p>\n<p><strong>Sedile scorrevole:\u00a0<\/strong>Regolazione della profondit\u00e0 del sedile tramite sedile scorrevole (5 cm)<\/p>\n<p><strong>Bracciolo:\u00a0<\/strong>Braccioli regolabili in altezza (10 cm), larghezza (6 cm) e profondit\u00e0 (5 cm) e girevoli su entrambi i lati con braccioli in morbido PU (A439KGS)<\/p>\n<p><strong>Meccanica:\u00a0<\/strong>Meccanismo sincronizzato, bloccabile a 3 vie con contropressione dello schienale regolabile in continuo (lateralmente) per un peso corporeo di 45-125 kg<\/p>\n<p><strong>Ruoli:\u00a0<\/strong>Ruote frenate in funzione del carico per pavimenti duri e morbidi<\/p>\n<p>&nbsp;<\/p>","protected":false},"excerpt":{"rendered":"<p>Sedetevi nella vostra zona di comfort. Mentre voi continuate a lavorare, il vostro to-sync fa il suo lavoro in modo affidabile ed \u00e8 al vostro fianco grazie alle sue caratteristiche ergonomiche standard: mettetevi il pi\u00f9 possibile comodi grazie alla sequenza di movimenti armoniosamente coordinati, alla profondit\u00e0 del sedile e ai braccioli regolabili, allo schienale ergonomico e al supporto lombare.<\/p>\n<p>&nbsp;<\/p>","protected":false},"featured_media":8770,"template":"","meta":{"content-type":"","inline_featured_image":false},"product_brand":[],"product_cat":[190,39,192,41],"product_tag":[112,44,106,113],"class_list":{"0":"post-8761","1":"product","2":"type-product","3":"status-publish","4":"has-post-thumbnail","6":"product_cat-homeoffice-specials","7":"product_cat-moebel","8":"product_cat-office-drehstuehle","9":"product_cat-schreibtischstuehle","10":"product_tag-einfache-selbstmontage","11":"product_tag-ergonomisch","12":"product_tag-hersteller-trendoffice","13":"product_tag-schnelle-lieferung","15":"first","16":"instock","17":"taxable","18":"shipping-taxable","19":"purchasable","20":"product-type-simple"},"_links":{"self":[{"href":"https:\/\/xoros-home.de\/it\/wp-json\/wp\/v2\/product\/8761","targetHints":{"allow":["GET"]}}],"collection":[{"href":"https:\/\/xoros-home.de\/it\/wp-json\/wp\/v2\/product"}],"about":[{"href":"https:\/\/xoros-home.de\/it\/wp-json\/wp\/v2\/types\/product"}],"version-history":[{"count":1,"href":"https:\/\/xoros-home.de\/it\/wp-json\/wp\/v2\/product\/8761\/revisions"}],"predecessor-version":[{"id":12892,"href":"https:\/\/xoros-home.de\/it\/wp-json\/wp\/v2\/product\/8761\/revisions\/12892"}],"wp:featuredmedia":[{"embeddable":true,"href":"https:\/\/xoros-home.de\/it\/wp-json\/wp\/v2\/media\/8770"}],"wp:attachment":[{"href":"https:\/\/xoros-home.de\/it\/wp-json\/wp\/v2\/media?parent=8761"}],"wp:term":[{"taxonomy":"product_brand","embeddable":true,"href":"https:\/\/xoros-home.de\/it\/wp-json\/wp\/v2\/product_brand?post=8761"},{"taxonomy":"product_cat","embeddable":true,"href":"https:\/\/xoros-home.de\/it\/wp-json\/wp\/v2\/product_cat?post=8761"},{"taxonomy":"product_tag","embeddable":true,"href":"https:\/\/xoros-home.de\/it\/wp-json\/wp\/v2\/product_tag?post=8761"}],"curies":[{"name":"wp","href":"https:\/\/api.w.org\/{rel}","templated":true}]}}