{"id":8776,"date":"2022-07-01T17:55:21","date_gmt":"2022-07-01T15:55:21","guid":{"rendered":"https:\/\/xoros-home.de\/?post_type=product&#038;p=8776"},"modified":"2024-02-23T11:47:15","modified_gmt":"2024-02-23T10:47:15","slug":"sedia-girevole-per-sincronizzare-il-lavoro-a-rete-facile-trendoffice","status":"publish","type":"product","link":"https:\/\/xoros-home.de\/it\/produkt\/drehstuhl-to-sync-work-mesh-easy-trendoffice\/","title":{"rendered":"Sedia girevole per facilitare il lavoro in rete (Trendoffice)"},"content":{"rendered":"<p><strong>Schienale: <\/strong>Sedia girevole ergonomica con caratteristico ed elegante schienale in rete nera, <strong>senza supporto lombare.<\/strong><\/p>\n<p><strong>Superficie del sedile:\u00a0<\/strong>Sedile imbottito ergonomicamente, tessuto di rivestimento Focus (nero), 80.000 cicli di abrasione<\/p>\n<p><strong>Altezza del sedile: <\/strong>Regolazione continua dell'altezza del sedile per un'altezza di circa 42 - 53 cm.<\/p>\n<p><strong>Meccanica: <\/strong>Meccanismo sincronizzato, bloccabile in posizione avanzata<\/p>\n<p><strong>Bracciolo:\u00a0<\/strong>Braccioli regolabili in altezza (10 cm) e in larghezza (3 cm), con morbidi cuscinetti in PU<\/p>\n<p><strong>Forza della molla:\u00a0<\/strong>Regolazione continua della forza della molla (anteriore) per un peso corporeo di circa 45 - 125 kg<\/p>\n<p><strong>Ruoli: <\/strong>Ruote frenate in funzione del carico per pavimenti duri e morbidi<\/p>\n<p>&nbsp;<\/p>","protected":false},"excerpt":{"rendered":"<p>Trendoffice to-sync easy \u00e8 una sedia dal prezzo interessante, con schienale in rete nera e sedile imbottito in modo ergonomico. \u00c8 inoltre dotata di una regolazione dell'altezza del sedile e di un meccanismo di sincronizzazione che pu\u00f2 essere bloccato in posizione avanzata. I braccioli sono regolabili in altezza e larghezza e sono dotati di morbidi cuscinetti in PU. La regolazione continua della forza delle molle consente di adattare la sedia alle proprie esigenze. Le ruote frenate in funzione del carico garantiscono una presa ottimale su pavimenti duri e morbidi.<\/p>\n<p>Nel modello \"easy\" \u00e8 incluso un supporto lombare. <strong>non incluso<\/strong>. Questo equipaggiamento di qualit\u00e0 superiore \u00e8 disponibile, ad esempio, nel modello <a href=\"https:\/\/xoros-home.de\/it\/prodotti-per-lhome-office\/sedia-girevole-per-sincronizzare-il-lavoro-mesh-pro-bianco-trendoffice\/\">pro bianco<\/a>.<\/p>\n<p>&nbsp;<\/p>","protected":false},"featured_media":8777,"template":"","meta":{"content-type":"","inline_featured_image":false},"product_brand":[],"product_cat":[190,39,192,41],"product_tag":[112,44,106,113],"class_list":{"0":"post-8776","1":"product","2":"type-product","3":"status-publish","4":"has-post-thumbnail","6":"product_cat-homeoffice-specials","7":"product_cat-moebel","8":"product_cat-office-drehstuehle","9":"product_cat-schreibtischstuehle","10":"product_tag-einfache-selbstmontage","11":"product_tag-ergonomisch","12":"product_tag-hersteller-trendoffice","13":"product_tag-schnelle-lieferung","15":"first","16":"instock","17":"taxable","18":"shipping-taxable","19":"purchasable","20":"product-type-simple"},"_links":{"self":[{"href":"https:\/\/xoros-home.de\/it\/wp-json\/wp\/v2\/product\/8776","targetHints":{"allow":["GET"]}}],"collection":[{"href":"https:\/\/xoros-home.de\/it\/wp-json\/wp\/v2\/product"}],"about":[{"href":"https:\/\/xoros-home.de\/it\/wp-json\/wp\/v2\/types\/product"}],"version-history":[{"count":1,"href":"https:\/\/xoros-home.de\/it\/wp-json\/wp\/v2\/product\/8776\/revisions"}],"predecessor-version":[{"id":8785,"href":"https:\/\/xoros-home.de\/it\/wp-json\/wp\/v2\/product\/8776\/revisions\/8785"}],"wp:featuredmedia":[{"embeddable":true,"href":"https:\/\/xoros-home.de\/it\/wp-json\/wp\/v2\/media\/8777"}],"wp:attachment":[{"href":"https:\/\/xoros-home.de\/it\/wp-json\/wp\/v2\/media?parent=8776"}],"wp:term":[{"taxonomy":"product_brand","embeddable":true,"href":"https:\/\/xoros-home.de\/it\/wp-json\/wp\/v2\/product_brand?post=8776"},{"taxonomy":"product_cat","embeddable":true,"href":"https:\/\/xoros-home.de\/it\/wp-json\/wp\/v2\/product_cat?post=8776"},{"taxonomy":"product_tag","embeddable":true,"href":"https:\/\/xoros-home.de\/it\/wp-json\/wp\/v2\/product_tag?post=8776"}],"curies":[{"name":"wp","href":"https:\/\/api.w.org\/{rel}","templated":true}]}}