{"id":9064,"date":"2022-07-29T11:14:13","date_gmt":"2022-07-29T09:14:13","guid":{"rendered":"https:\/\/xoros-home.de\/?post_type=product&#038;p=9064"},"modified":"2023-11-06T15:12:57","modified_gmt":"2023-11-06T14:12:57","slug":"fla%cc%88pps-scaffale-1er-ambivalenza","status":"publish","type":"product","link":"https:\/\/xoros-home.de\/it\/produkt\/fla%cc%88pps-regal-1er-ambivalenz\/","title":{"rendered":"Scaffale Fl\u00e4pps - 1er (ambivalenza)"},"content":{"rendered":"<ul>\n<li>2 colori diversi (bianco o nero)<\/li>\n<li>3 diverse dimensioni (60 cm \/ 80 cm \/ 100 cm di larghezza)<\/li>\n<li>Compensato di betulla rivestito di HPL passante, acciaio inox<\/li>\n<\/ul>\n<p>&nbsp;<\/p>\n<p><img decoding=\"async\" class=\"alignnone size-medium wp-image-9085\" src=\"https:\/\/xoros-home.de\/wp-content\/uploads\/2022\/07\/AMBIVALENZ_Logo_transparent-300x42.png\" alt=\"\" width=\"300\" height=\"42\" srcset=\"https:\/\/xoros-home.de\/wp-content\/uploads\/2022\/07\/AMBIVALENZ_Logo_transparent-300x42.png 300w, https:\/\/xoros-home.de\/wp-content\/uploads\/2022\/07\/AMBIVALENZ_Logo_transparent-1024x144.png 1024w, https:\/\/xoros-home.de\/wp-content\/uploads\/2022\/07\/AMBIVALENZ_Logo_transparent-768x108.png 768w, https:\/\/xoros-home.de\/wp-content\/uploads\/2022\/07\/AMBIVALENZ_Logo_transparent-1536x215.png 1536w, https:\/\/xoros-home.de\/wp-content\/uploads\/2022\/07\/AMBIVALENZ_Logo_transparent-2048x287.png 2048w, https:\/\/xoros-home.de\/wp-content\/uploads\/2022\/07\/AMBIVALENZ_Logo_transparent-600x84.png 600w\" sizes=\"(max-width: 300px) 100vw, 300px\" \/><\/p>\n<p>AMBIVALENZ \u00e8 stata fondata a Berlino nel 2012 dall'ex stratega della comunicazione Malte Grieb. Da allora, il marchio sviluppa idee per spazi moderni, mobili e flessibili. Tendenze come il \"compact living\", che incarnano il desiderio di una vita flessibile e mobile, vengono riprese e realizzate con oggetti modulari e modificabili. Il motto \u00e8: massima funzionalit\u00e0 e massimo design in uno spazio minimo.<\/p>\n<p>La gamma \u00e8 composta dalla linea principale FL\u00c4PPS, che comprende diversi scaffali a muro, una segreteria pieghevole, un mobile per il trucco, armadi e la sedia pieghevole pi\u00f9 salvaspazio del mondo.<\/p>","protected":false},"excerpt":{"rendered":"<p>Fl\u00e4pps lo organizza per voi!<\/p>\n<p>Certo, se si ha bisogno di uno scaffale, di solito non lo si ripiega. Ma cosa c'\u00e8 di pi\u00f9 bello che sapere di poterlo fare se si vuole? E pi\u00f9 ci si pensa, pi\u00f9 emergono idee sul perch\u00e9 vale la pena ripiegarlo.<\/p>\n<p>Anche senza essere piegate, le mensole Fl\u00e4pps sono un arricchimento per qualsiasi parete. Danno una cornice agli oggetti, in salotto, nello studio, in camera da letto, in cucina o in bagno; che si tratti di fascicoli, libri grandi, libri piccoli, vestiti, asciugamani, stoviglie o semplici cianfrusaglie. Come singolo ripiano o come sistema di scaffalatura a parete.<\/p>\n<p>E se non avete bisogno di un ripiano al momento, potete semplicemente ripiegarlo.<\/p>","protected":false},"featured_media":9065,"template":"","meta":{"content-type":"","inline_featured_image":false},"product_brand":[],"product_cat":[39,118,64],"product_tag":[112,119,51,45,113],"class_list":{"0":"post-9064","1":"product","2":"type-product","3":"status-publish","4":"has-post-thumbnail","6":"product_cat-moebel","7":"product_cat-regale","8":"product_cat-zubehoer","9":"product_tag-einfache-selbstmontage","10":"product_tag-hersteller-ambivalenz","11":"product_tag-klappbar","12":"product_tag-platzsparend","13":"product_tag-schnelle-lieferung","15":"first","16":"instock","17":"taxable","18":"shipping-taxable","19":"purchasable","20":"product-type-simple"},"_links":{"self":[{"href":"https:\/\/xoros-home.de\/it\/wp-json\/wp\/v2\/product\/9064","targetHints":{"allow":["GET"]}}],"collection":[{"href":"https:\/\/xoros-home.de\/it\/wp-json\/wp\/v2\/product"}],"about":[{"href":"https:\/\/xoros-home.de\/it\/wp-json\/wp\/v2\/types\/product"}],"version-history":[{"count":1,"href":"https:\/\/xoros-home.de\/it\/wp-json\/wp\/v2\/product\/9064\/revisions"}],"predecessor-version":[{"id":12891,"href":"https:\/\/xoros-home.de\/it\/wp-json\/wp\/v2\/product\/9064\/revisions\/12891"}],"wp:featuredmedia":[{"embeddable":true,"href":"https:\/\/xoros-home.de\/it\/wp-json\/wp\/v2\/media\/9065"}],"wp:attachment":[{"href":"https:\/\/xoros-home.de\/it\/wp-json\/wp\/v2\/media?parent=9064"}],"wp:term":[{"taxonomy":"product_brand","embeddable":true,"href":"https:\/\/xoros-home.de\/it\/wp-json\/wp\/v2\/product_brand?post=9064"},{"taxonomy":"product_cat","embeddable":true,"href":"https:\/\/xoros-home.de\/it\/wp-json\/wp\/v2\/product_cat?post=9064"},{"taxonomy":"product_tag","embeddable":true,"href":"https:\/\/xoros-home.de\/it\/wp-json\/wp\/v2\/product_tag?post=9064"}],"curies":[{"name":"wp","href":"https:\/\/api.w.org\/{rel}","templated":true}]}}