{"id":9100,"date":"2022-07-29T14:35:05","date_gmt":"2022-07-29T12:35:05","guid":{"rendered":"https:\/\/xoros-home.de\/?post_type=product&#038;p=9100"},"modified":"2023-11-06T15:12:31","modified_gmt":"2023-11-06T14:12:31","slug":"fla%cc%88pps-scaffale-2er-ambivalenza","status":"publish","type":"product","link":"https:\/\/xoros-home.de\/it\/produkt\/fla%cc%88pps-regal-2er-ambivalenz\/","title":{"rendered":"Mensola Fl\u00e4pps - set di 2 (ambivalenza)"},"content":{"rendered":"<ul>\n<li>2 colori diversi (bianco o nero)<\/li>\n<li>2 ripiani pieghevoli<\/li>\n<li>2 diverse dimensioni (40 cm \/ 80 cm di altezza)<\/li>\n<li>Compensato di betulla rivestito di HPL passante, acciaio inox<\/li>\n<\/ul>\n<p>&nbsp;<\/p>\n<p><img decoding=\"async\" class=\"alignnone size-medium wp-image-9085\" src=\"https:\/\/xoros-home.de\/wp-content\/uploads\/2022\/07\/AMBIVALENZ_Logo_transparent-300x42.png\" alt=\"\" width=\"300\" height=\"42\" srcset=\"https:\/\/xoros-home.de\/wp-content\/uploads\/2022\/07\/AMBIVALENZ_Logo_transparent-300x42.png 300w, https:\/\/xoros-home.de\/wp-content\/uploads\/2022\/07\/AMBIVALENZ_Logo_transparent-1024x144.png 1024w, https:\/\/xoros-home.de\/wp-content\/uploads\/2022\/07\/AMBIVALENZ_Logo_transparent-768x108.png 768w, https:\/\/xoros-home.de\/wp-content\/uploads\/2022\/07\/AMBIVALENZ_Logo_transparent-1536x215.png 1536w, https:\/\/xoros-home.de\/wp-content\/uploads\/2022\/07\/AMBIVALENZ_Logo_transparent-2048x287.png 2048w, https:\/\/xoros-home.de\/wp-content\/uploads\/2022\/07\/AMBIVALENZ_Logo_transparent-600x84.png 600w\" sizes=\"(max-width: 300px) 100vw, 300px\" \/><\/p>\n<p>AMBIVALENZ \u00e8 stata fondata a Berlino nel 2012 dall'ex stratega della comunicazione Malte Grieb. Da allora, il marchio sviluppa idee per spazi moderni, mobili e flessibili. Tendenze come il \"compact living\", che incarnano il desiderio di una vita flessibile e mobile, vengono riprese e realizzate con oggetti modulari e modificabili. Il motto \u00e8: massima funzionalit\u00e0 e massimo design in uno spazio minimo.<\/p>\n<p>La gamma \u00e8 composta dalla linea principale FL\u00c4PPS, che comprende diversi scaffali a muro, una segreteria pieghevole, un mobile per il trucco, armadi e la sedia pieghevole pi\u00f9 salvaspazio del mondo.<\/p>","protected":false},"excerpt":{"rendered":"<p><strong>Il doppio snello<\/strong><\/p>\n<p>Il due formaggi pi\u00f9 alto tra le mensole a muro Fl\u00e4pps, per cos\u00ec dire. Si abbina bene ai libri preferiti, ma senza le cornici strette. Aperto in alto per l'aggancio. Ma anche doppiamente bella da sola. E se non avete bisogno di una mensola al momento, potete semplicemente ripiegarla.<\/p>\n<p>P.S.: Cosa non prevista: lo scaffale Fl\u00e4pps 80\u00d780 \u00e8 anche una doppia segreteria. Se si appende il ripiano inferiore ad altezza di lavoro da seduti, il ripiano superiore diventa una postazione di lavoro in piedi. \u00c8 cos\u00ec che funziona con i moduli Fl\u00e4pps: appena trovata la centesima funzione, si incontra la centounesima.<\/p>","protected":false},"featured_media":9115,"template":"","meta":{"content-type":"","inline_featured_image":false},"product_brand":[],"product_cat":[39,118,64],"product_tag":[112,119,51,45,113],"class_list":{"0":"post-9100","1":"product","2":"type-product","3":"status-publish","4":"has-post-thumbnail","6":"product_cat-moebel","7":"product_cat-regale","8":"product_cat-zubehoer","9":"product_tag-einfache-selbstmontage","10":"product_tag-hersteller-ambivalenz","11":"product_tag-klappbar","12":"product_tag-platzsparend","13":"product_tag-schnelle-lieferung","15":"first","16":"instock","17":"taxable","18":"shipping-taxable","19":"purchasable","20":"product-type-simple"},"_links":{"self":[{"href":"https:\/\/xoros-home.de\/it\/wp-json\/wp\/v2\/product\/9100","targetHints":{"allow":["GET"]}}],"collection":[{"href":"https:\/\/xoros-home.de\/it\/wp-json\/wp\/v2\/product"}],"about":[{"href":"https:\/\/xoros-home.de\/it\/wp-json\/wp\/v2\/types\/product"}],"version-history":[{"count":0,"href":"https:\/\/xoros-home.de\/it\/wp-json\/wp\/v2\/product\/9100\/revisions"}],"wp:featuredmedia":[{"embeddable":true,"href":"https:\/\/xoros-home.de\/it\/wp-json\/wp\/v2\/media\/9115"}],"wp:attachment":[{"href":"https:\/\/xoros-home.de\/it\/wp-json\/wp\/v2\/media?parent=9100"}],"wp:term":[{"taxonomy":"product_brand","embeddable":true,"href":"https:\/\/xoros-home.de\/it\/wp-json\/wp\/v2\/product_brand?post=9100"},{"taxonomy":"product_cat","embeddable":true,"href":"https:\/\/xoros-home.de\/it\/wp-json\/wp\/v2\/product_cat?post=9100"},{"taxonomy":"product_tag","embeddable":true,"href":"https:\/\/xoros-home.de\/it\/wp-json\/wp\/v2\/product_tag?post=9100"}],"curies":[{"name":"wp","href":"https:\/\/api.w.org\/{rel}","templated":true}]}}