{"id":16695,"date":"2025-06-10T14:34:18","date_gmt":"2025-06-10T12:34:18","guid":{"rendered":"https:\/\/xoros-home.de\/?page_id=16695"},"modified":"2025-11-14T12:07:04","modified_gmt":"2025-11-14T11:07:04","slug":"gebruikte-telefooncellen-gebruikte-vergadercellen","status":"publish","type":"page","link":"https:\/\/xoros-home.de\/nl\/gebrauchte-telefonboxen-gebrauchte-meetingboxen\/","title":{"rendered":"Gebruikte telefooncellen &amp; gebruikte vergadercellen"},"content":{"rendered":"<div data-elementor-type=\"wp-page\" data-elementor-id=\"16695\" class=\"elementor elementor-16695\" data-elementor-settings=\"{&quot;ha_cmc_init_switcher&quot;:&quot;no&quot;}\" data-elementor-post-type=\"page\">\n\t\t\t\t<div class=\"elementor-element elementor-element-925695a e-flex e-con-boxed e-con e-parent\" data-id=\"925695a\" data-element_type=\"container\" data-e-type=\"container\" data-settings=\"{&quot;background_background&quot;:&quot;classic&quot;}\">\n\t\t\t\t\t<div class=\"e-con-inner\">\n\t\t\t\t<div class=\"elementor-element elementor-element-53e606b elementor-widget elementor-widget-heading\" data-id=\"53e606b\" data-element_type=\"widget\" data-e-type=\"widget\" data-widget_type=\"heading.default\">\n\t\t\t\t<div class=\"elementor-widget-container\">\n\t\t\t\t\t<h1 class=\"elementor-heading-title elementor-size-default\">Gebruikte telefooncellen &amp; gebruikte vergadercellen<\/h1>\t\t\t\t<\/div>\n\t\t\t\t<\/div>\n\t\t\t\t\t<\/div>\n\t\t\t\t<\/div>\n\t\t<div class=\"elementor-element elementor-element-cee245d e-flex e-con-boxed e-con e-parent\" data-id=\"cee245d\" data-element_type=\"container\" data-e-type=\"container\" data-settings=\"{&quot;background_background&quot;:&quot;classic&quot;}\">\n\t\t\t\t\t<div class=\"e-con-inner\">\n\t\t\t\t<div class=\"elementor-element elementor-element-914073d elementor-widget elementor-widget-spacer\" data-id=\"914073d\" data-element_type=\"widget\" data-e-type=\"widget\" data-widget_type=\"spacer.default\">\n\t\t\t\t<div class=\"elementor-widget-container\">\n\t\t\t\t\t\t\t<div class=\"elementor-spacer\">\n\t\t\t<div class=\"elementor-spacer-inner\"><\/div>\n\t\t<\/div>\n\t\t\t\t\t\t<\/div>\n\t\t\t\t<\/div>\n\t\t\t\t<div class=\"elementor-element elementor-element-9b72f30 elementor-widget elementor-widget-heading\" data-id=\"9b72f30\" data-element_type=\"widget\" data-e-type=\"widget\" data-widget_type=\"heading.default\">\n\t\t\t\t<div class=\"elementor-widget-container\">\n\t\t\t\t\t<h2 class=\"elementor-heading-title elementor-size-default\">Huidige tweedehands aanbiedingen<\/h2>\t\t\t\t<\/div>\n\t\t\t\t<\/div>\n\t\t\t\t<div class=\"elementor-element elementor-element-f320946 elementor-widget elementor-widget-text-editor\" data-id=\"f320946\" data-element_type=\"widget\" data-e-type=\"widget\" data-widget_type=\"text-editor.default\">\n\t\t\t\t<div class=\"elementor-widget-container\">\n\t\t\t\t\t\t\t\t\t<p>Op zoek naar een gebruikte telefooncel? We krijgen regelmatig items terug van ons verhuurprogramma en vinden graag een nieuwe thuis voor tentoongestelde stukken.<\/p><p>Je kunt de momenteel beschikbare gebruikte modellen (aanbod varieert per regio, beperkte hoeveelheden) vinden op onze aparte website <a href=\"https:\/\/99cubes.de\/gebrauchte-telefonboxen-gebrauchte-meetingboxen\/\" target=\"_blank\" rel=\"noopener\">99kubussen.nl<\/a>:<\/p>\t\t\t\t\t\t\t\t<\/div>\n\t\t\t\t<\/div>\n\t\t\t\t<div class=\"elementor-element elementor-element-1630462 elementor-align-center elementor-widget elementor-widget-button\" data-id=\"1630462\" data-element_type=\"widget\" data-e-type=\"widget\" data-widget_type=\"button.default\">\n\t\t\t\t<div class=\"elementor-widget-container\">\n\t\t\t\t\t\t\t\t\t<div class=\"elementor-button-wrapper\">\n\t\t\t\t\t<a class=\"elementor-button elementor-button-link elementor-size-sm\" href=\"https:\/\/99cubes.de\/gebrauchte-telefonboxen-gebrauchte-meetingboxen\/\" target=\"_blank\" rel=\"noopener\">\n\t\t\t\t\t\t<span class=\"elementor-button-content-wrapper\">\n\t\t\t\t\t\t\t\t\t<span class=\"elementor-button-text\">Toon gebruikte telefooncellen op 99cubes.de<\/span>\n\t\t\t\t\t<\/span>\n\t\t\t\t\t<\/a>\n\t\t\t\t<\/div>\n\t\t\t\t\t\t\t\t<\/div>\n\t\t\t\t<\/div>\n\t\t\t\t<div class=\"elementor-element elementor-element-32a9447 elementor-widget elementor-widget-spacer\" data-id=\"32a9447\" data-element_type=\"widget\" data-e-type=\"widget\" data-widget_type=\"spacer.default\">\n\t\t\t\t<div class=\"elementor-widget-container\">\n\t\t\t\t\t\t\t<div class=\"elementor-spacer\">\n\t\t\t<div class=\"elementor-spacer-inner\"><\/div>\n\t\t<\/div>\n\t\t\t\t\t\t<\/div>\n\t\t\t\t<\/div>\n\t\t\t\t<div class=\"elementor-element elementor-element-10979ef elementor-widget elementor-widget-image-gallery\" data-id=\"10979ef\" data-element_type=\"widget\" data-e-type=\"widget\" data-widget_type=\"image-gallery.default\">\n\t\t\t\t<div class=\"elementor-widget-container\">\n\t\t\t\t\t\t\t<div class=\"elementor-image-gallery\">\n\t\t\t<div id='gallery-1' class='gallery galleryid-16695 gallery-columns-3 gallery-size-medium_large'><figure class='gallery-item'>\n\t\t\t<div class='gallery-icon landscape'>\n\t\t\t\t<a data-elementor-open-lightbox=\"yes\" data-elementor-lightbox-slideshow=\"10979ef\" data-elementor-lightbox-title=\"gebrauchte Meetingbox Jetson L4 - wei\u00df 2 quad\" data-e-action-hash=\"#elementor-action%3Aaction%3Dlightbox%26settings%3DeyJpZCI6MTcxMjAsInVybCI6Imh0dHBzOlwvXC94b3Jvcy1ob21lLmRlXC93cC1jb250ZW50XC91cGxvYWRzXC8yMDI1XC8xMVwvZ2VicmF1Y2h0ZS1NZWV0aW5nYm94LUpldHNvbi1MNC13ZWlzcy0yLXF1YWQtc2NhbGVkLmpwZyIsInNsaWRlc2hvdyI6IjEwOTc5ZWYifQ%3D%3D\" href=\"https:\/\/xoros-home.de\/wp-content\/uploads\/2025\/11\/gebrauchte-Meetingbox-Jetson-L4-weiss-2-quad-scaled.jpg\"><img fetchpriority=\"high\" decoding=\"async\" width=\"768\" height=\"768\" src=\"https:\/\/xoros-home.de\/wp-content\/uploads\/2025\/11\/gebrauchte-Meetingbox-Jetson-L4-weiss-2-quad-768x768.jpg\" class=\"attachment-medium_large size-medium_large\" alt=\"\" srcset=\"https:\/\/xoros-home.de\/wp-content\/uploads\/2025\/11\/gebrauchte-Meetingbox-Jetson-L4-weiss-2-quad-768x768.jpg 768w, https:\/\/xoros-home.de\/wp-content\/uploads\/2025\/11\/gebrauchte-Meetingbox-Jetson-L4-weiss-2-quad-300x300.jpg 300w, https:\/\/xoros-home.de\/wp-content\/uploads\/2025\/11\/gebrauchte-Meetingbox-Jetson-L4-weiss-2-quad-1024x1024.jpg 1024w, https:\/\/xoros-home.de\/wp-content\/uploads\/2025\/11\/gebrauchte-Meetingbox-Jetson-L4-weiss-2-quad-150x150.jpg 150w, https:\/\/xoros-home.de\/wp-content\/uploads\/2025\/11\/gebrauchte-Meetingbox-Jetson-L4-weiss-2-quad-1536x1536.jpg 1536w, https:\/\/xoros-home.de\/wp-content\/uploads\/2025\/11\/gebrauchte-Meetingbox-Jetson-L4-weiss-2-quad-scaled.jpg 1600w, https:\/\/xoros-home.de\/wp-content\/uploads\/2025\/11\/gebrauchte-Meetingbox-Jetson-L4-weiss-2-quad-12x12.jpg 12w, https:\/\/xoros-home.de\/wp-content\/uploads\/2025\/11\/gebrauchte-Meetingbox-Jetson-L4-weiss-2-quad-600x600.jpg 600w, https:\/\/xoros-home.de\/wp-content\/uploads\/2025\/11\/gebrauchte-Meetingbox-Jetson-L4-weiss-2-quad-100x100.jpg 100w\" sizes=\"(max-width: 768px) 100vw, 768px\" \/><\/a>\n\t\t\t<\/div><\/figure><figure class='gallery-item'>\n\t\t\t<div class='gallery-icon landscape'>\n\t\t\t\t<a data-elementor-open-lightbox=\"yes\" data-elementor-lightbox-slideshow=\"10979ef\" data-elementor-lightbox-title=\"gebrauchte Telefonbox Bosselino quad\" data-e-action-hash=\"#elementor-action%3Aaction%3Dlightbox%26settings%3DeyJpZCI6MTcxMjEsInVybCI6Imh0dHBzOlwvXC94b3Jvcy1ob21lLmRlXC93cC1jb250ZW50XC91cGxvYWRzXC8yMDI1XC8xMVwvZ2VicmF1Y2h0ZS1UZWxlZm9uYm94LUJvc3NlbGluby1xdWFkLmpwZyIsInNsaWRlc2hvdyI6IjEwOTc5ZWYifQ%3D%3D\" href=\"https:\/\/xoros-home.de\/wp-content\/uploads\/2025\/11\/gebrauchte-Telefonbox-Bosselino-quad.jpg\"><img decoding=\"async\" width=\"768\" height=\"768\" src=\"https:\/\/xoros-home.de\/wp-content\/uploads\/2025\/11\/gebrauchte-Telefonbox-Bosselino-quad-768x768.jpg\" class=\"attachment-medium_large size-medium_large\" alt=\"\" srcset=\"https:\/\/xoros-home.de\/wp-content\/uploads\/2025\/11\/gebrauchte-Telefonbox-Bosselino-quad-768x768.jpg 768w, https:\/\/xoros-home.de\/wp-content\/uploads\/2025\/11\/gebrauchte-Telefonbox-Bosselino-quad-300x300.jpg 300w, https:\/\/xoros-home.de\/wp-content\/uploads\/2025\/11\/gebrauchte-Telefonbox-Bosselino-quad-1024x1024.jpg 1024w, https:\/\/xoros-home.de\/wp-content\/uploads\/2025\/11\/gebrauchte-Telefonbox-Bosselino-quad-150x150.jpg 150w, https:\/\/xoros-home.de\/wp-content\/uploads\/2025\/11\/gebrauchte-Telefonbox-Bosselino-quad-1536x1536.jpg 1536w, https:\/\/xoros-home.de\/wp-content\/uploads\/2025\/11\/gebrauchte-Telefonbox-Bosselino-quad.jpg 1600w, https:\/\/xoros-home.de\/wp-content\/uploads\/2025\/11\/gebrauchte-Telefonbox-Bosselino-quad-12x12.jpg 12w, https:\/\/xoros-home.de\/wp-content\/uploads\/2025\/11\/gebrauchte-Telefonbox-Bosselino-quad-600x600.jpg 600w, https:\/\/xoros-home.de\/wp-content\/uploads\/2025\/11\/gebrauchte-Telefonbox-Bosselino-quad-100x100.jpg 100w\" sizes=\"(max-width: 768px) 100vw, 768px\" \/><\/a>\n\t\t\t<\/div><\/figure><figure class='gallery-item'>\n\t\t\t<div class='gallery-icon landscape'>\n\t\t\t\t<a data-elementor-open-lightbox=\"yes\" data-elementor-lightbox-slideshow=\"10979ef\" data-elementor-lightbox-title=\"gebrauchte Meetingbox Jetson L4 - wei\u00df quad\" data-e-action-hash=\"#elementor-action%3Aaction%3Dlightbox%26settings%3DeyJpZCI6MTcxMTksInVybCI6Imh0dHBzOlwvXC94b3Jvcy1ob21lLmRlXC93cC1jb250ZW50XC91cGxvYWRzXC8yMDI1XC8xMVwvZ2VicmF1Y2h0ZS1NZWV0aW5nYm94LUpldHNvbi1MNC13ZWlzcy1xdWFkLXNjYWxlZC5qcGciLCJzbGlkZXNob3ciOiIxMDk3OWVmIn0%3D\" href=\"https:\/\/xoros-home.de\/wp-content\/uploads\/2025\/11\/gebrauchte-Meetingbox-Jetson-L4-weiss-quad-scaled.jpg\"><img decoding=\"async\" width=\"768\" height=\"768\" src=\"https:\/\/xoros-home.de\/wp-content\/uploads\/2025\/11\/gebrauchte-Meetingbox-Jetson-L4-weiss-quad-768x768.jpg\" class=\"attachment-medium_large size-medium_large\" alt=\"\" srcset=\"https:\/\/xoros-home.de\/wp-content\/uploads\/2025\/11\/gebrauchte-Meetingbox-Jetson-L4-weiss-quad-768x768.jpg 768w, https:\/\/xoros-home.de\/wp-content\/uploads\/2025\/11\/gebrauchte-Meetingbox-Jetson-L4-weiss-quad-300x300.jpg 300w, https:\/\/xoros-home.de\/wp-content\/uploads\/2025\/11\/gebrauchte-Meetingbox-Jetson-L4-weiss-quad-1024x1024.jpg 1024w, https:\/\/xoros-home.de\/wp-content\/uploads\/2025\/11\/gebrauchte-Meetingbox-Jetson-L4-weiss-quad-150x150.jpg 150w, https:\/\/xoros-home.de\/wp-content\/uploads\/2025\/11\/gebrauchte-Meetingbox-Jetson-L4-weiss-quad-1536x1536.jpg 1536w, https:\/\/xoros-home.de\/wp-content\/uploads\/2025\/11\/gebrauchte-Meetingbox-Jetson-L4-weiss-quad-scaled.jpg 1600w, https:\/\/xoros-home.de\/wp-content\/uploads\/2025\/11\/gebrauchte-Meetingbox-Jetson-L4-weiss-quad-12x12.jpg 12w, https:\/\/xoros-home.de\/wp-content\/uploads\/2025\/11\/gebrauchte-Meetingbox-Jetson-L4-weiss-quad-600x600.jpg 600w, https:\/\/xoros-home.de\/wp-content\/uploads\/2025\/11\/gebrauchte-Meetingbox-Jetson-L4-weiss-quad-100x100.jpg 100w\" sizes=\"(max-width: 768px) 100vw, 768px\" \/><\/a>\n\t\t\t<\/div><\/figure>\n\t\t<\/div>\n\t\t<\/div>\n\t\t\t\t\t\t<\/div>\n\t\t\t\t<\/div>\n\t\t\t\t<div class=\"elementor-element elementor-element-75f34f3 elementor-widget elementor-widget-spacer\" data-id=\"75f34f3\" data-element_type=\"widget\" data-e-type=\"widget\" data-widget_type=\"spacer.default\">\n\t\t\t\t<div class=\"elementor-widget-container\">\n\t\t\t\t\t\t\t<div class=\"elementor-spacer\">\n\t\t\t<div class=\"elementor-spacer-inner\"><\/div>\n\t\t<\/div>\n\t\t\t\t\t\t<\/div>\n\t\t\t\t<\/div>\n\t\t\t\t\t<\/div>\n\t\t\t\t<\/div>\n\t\t<div class=\"elementor-element elementor-element-ca87335 e-flex e-con-boxed e-con e-parent\" data-id=\"ca87335\" data-element_type=\"container\" data-e-type=\"container\">\n\t\t\t\t\t<div class=\"e-con-inner\">\n\t\t\t\t<div class=\"elementor-element elementor-element-0c3612a elementor-widget elementor-widget-spacer\" data-id=\"0c3612a\" data-element_type=\"widget\" data-e-type=\"widget\" data-widget_type=\"spacer.default\">\n\t\t\t\t<div class=\"elementor-widget-container\">\n\t\t\t\t\t\t\t<div class=\"elementor-spacer\">\n\t\t\t<div class=\"elementor-spacer-inner\"><\/div>\n\t\t<\/div>\n\t\t\t\t\t\t<\/div>\n\t\t\t\t<\/div>\n\t\t\t\t<div class=\"elementor-element elementor-element-3b3f4b5 elementor-widget elementor-widget-heading\" data-id=\"3b3f4b5\" data-element_type=\"widget\" data-e-type=\"widget\" data-widget_type=\"heading.default\">\n\t\t\t\t<div class=\"elementor-widget-container\">\n\t\t\t\t\t<h2 class=\"elementor-heading-title elementor-size-default\">Wat kenmerkt gebruikte telefoon- en vergaderdozen?<\/h2>\t\t\t\t<\/div>\n\t\t\t\t<\/div>\n\t\t\t\t<div class=\"elementor-element elementor-element-df5d486 elementor-widget elementor-widget-text-editor\" data-id=\"df5d486\" data-element_type=\"widget\" data-e-type=\"widget\" data-widget_type=\"text-editor.default\">\n\t\t\t\t<div class=\"elementor-widget-container\">\n\t\t\t\t\t\t\t\t\t<p>Hier vind je gebruikte telefoon- en vergaderkasten van gerenommeerde fabrikanten die gemiddeld slechts 2-3 jaar oud zijn, in sommige gevallen zelfs maar 12 maanden. Dit is nog relatief jong: hoogwaardige kantoormeubelen zijn meestal ontworpen voor een levensduur van 10-15 jaar of meer.\u00a0<\/p>\t\t\t\t\t\t\t\t<\/div>\n\t\t\t\t<\/div>\n\t\t<div class=\"elementor-element elementor-element-54ddbc8 e-grid e-con-full e-con e-child\" data-id=\"54ddbc8\" data-element_type=\"container\" data-e-type=\"container\">\n\t\t\t\t<div class=\"elementor-element elementor-element-1c1c346 elementor-view-default elementor-position-block-start elementor-mobile-position-block-start elementor-widget elementor-widget-icon-box\" data-id=\"1c1c346\" data-element_type=\"widget\" data-e-type=\"widget\" data-widget_type=\"icon-box.default\">\n\t\t\t\t<div class=\"elementor-widget-container\">\n\t\t\t\t\t\t\t<div class=\"elementor-icon-box-wrapper\">\n\n\t\t\t\t\t\t<div class=\"elementor-icon-box-icon\">\n\t\t\t\t<span  class=\"elementor-icon\">\n\t\t\t\t<i aria-hidden=\"true\" class=\"huge huge-coins-euro\"><\/i>\t\t\t\t<\/span>\n\t\t\t<\/div>\n\t\t\t\n\t\t\t\t\t\t<div class=\"elementor-icon-box-content\">\n\n\t\t\t\t\t\t\t\t\t<h3 class=\"elementor-icon-box-title\">\n\t\t\t\t\t\t<span  >\n\t\t\t\t\t\t\tGunstiger\t\t\t\t\t\t<\/span>\n\t\t\t\t\t<\/h3>\n\t\t\t\t\n\t\t\t\t\t\t\t\t\t<p class=\"elementor-icon-box-description\">\n\t\t\t\t\t\tJe kunt geld besparen met gebruikte telefoon- en vergaderdozen. Hier vind je vooral \"jonge\" items - je kunt verwachten dat je tussen 15% en 35% kunt besparen in vergelijking met de nieuwprijs.\t\t\t\t\t<\/p>\n\t\t\t\t\n\t\t\t<\/div>\n\t\t\t\n\t\t<\/div>\n\t\t\t\t\t\t<\/div>\n\t\t\t\t<\/div>\n\t\t\t\t<div class=\"elementor-element elementor-element-8dba10e elementor-view-default elementor-position-block-start elementor-mobile-position-block-start elementor-widget elementor-widget-icon-box\" data-id=\"8dba10e\" data-element_type=\"widget\" data-e-type=\"widget\" data-widget_type=\"icon-box.default\">\n\t\t\t\t<div class=\"elementor-widget-container\">\n\t\t\t\t\t\t\t<div class=\"elementor-icon-box-wrapper\">\n\n\t\t\t\t\t\t<div class=\"elementor-icon-box-icon\">\n\t\t\t\t<span  class=\"elementor-icon\">\n\t\t\t\t<i aria-hidden=\"true\" class=\"huge huge-eco-energy\"><\/i>\t\t\t\t<\/span>\n\t\t\t<\/div>\n\t\t\t\n\t\t\t\t\t\t<div class=\"elementor-icon-box-content\">\n\n\t\t\t\t\t\t\t\t\t<h3 class=\"elementor-icon-box-title\">\n\t\t\t\t\t\t<span  >\n\t\t\t\t\t\t\tDuurzamer\t\t\t\t\t\t<\/span>\n\t\t\t\t\t<\/h3>\n\t\t\t\t\n\t\t\t\t\t\t\t\t\t<p class=\"elementor-icon-box-description\">\n\t\t\t\t\t\tGebruikte telefoon- en vergaderdozen vinden bij ons snel een nieuw thuis. Elke verdere gebruikscyclus bespaart waardevolle bronnen. We geven prioriteit aan secundaire marketing in dezelfde regio.\t\t\t\t\t<\/p>\n\t\t\t\t\n\t\t\t<\/div>\n\t\t\t\n\t\t<\/div>\n\t\t\t\t\t\t<\/div>\n\t\t\t\t<\/div>\n\t\t\t\t<div class=\"elementor-element elementor-element-24e030c elementor-view-default elementor-position-block-start elementor-mobile-position-block-start elementor-widget elementor-widget-icon-box\" data-id=\"24e030c\" data-element_type=\"widget\" data-e-type=\"widget\" data-widget_type=\"icon-box.default\">\n\t\t\t\t<div class=\"elementor-widget-container\">\n\t\t\t\t\t\t\t<div class=\"elementor-icon-box-wrapper\">\n\n\t\t\t\t\t\t<div class=\"elementor-icon-box-icon\">\n\t\t\t\t<span  class=\"elementor-icon\">\n\t\t\t\t<i aria-hidden=\"true\" class=\"huge huge-workout-run\"><\/i>\t\t\t\t<\/span>\n\t\t\t<\/div>\n\t\t\t\n\t\t\t\t\t\t<div class=\"elementor-icon-box-content\">\n\n\t\t\t\t\t\t\t\t\t<h3 class=\"elementor-icon-box-title\">\n\t\t\t\t\t\t<span  >\n\t\t\t\t\t\t\tSneller\t\t\t\t\t\t<\/span>\n\t\t\t\t\t<\/h3>\n\t\t\t\t\n\t\t\t\t\t\t\t\t\t<p class=\"elementor-icon-box-description\">\n\t\t\t\t\t\tAls tijd van belang is: Gebruikte telefooncellen of gebruikte vergadercellen scoren met de kortste levertijd (mits we ze op voorraad hebben). \t\t\t\t\t<\/p>\n\t\t\t\t\n\t\t\t<\/div>\n\t\t\t\n\t\t<\/div>\n\t\t\t\t\t\t<\/div>\n\t\t\t\t<\/div>\n\t\t\t\t<\/div>\n\t\t\t\t<div class=\"elementor-element elementor-element-7903407 elementor-widget elementor-widget-spacer\" data-id=\"7903407\" data-element_type=\"widget\" data-e-type=\"widget\" data-widget_type=\"spacer.default\">\n\t\t\t\t<div class=\"elementor-widget-container\">\n\t\t\t\t\t\t\t<div class=\"elementor-spacer\">\n\t\t\t<div class=\"elementor-spacer-inner\"><\/div>\n\t\t<\/div>\n\t\t\t\t\t\t<\/div>\n\t\t\t\t<\/div>\n\t\t\t\t\t<\/div>\n\t\t\t\t<\/div>\n\t\t\t\t<\/div>","protected":false},"excerpt":{"rendered":"<p>Aktuelle Gebraucht-Angebote Auf der Suche nach einer gebrauchten Telefonbox? Wir erhalten regelm\u00e4\u00dfig R\u00fcckl\u00e4ufer aus unserer Vermietung bzw. vermitteln Ausstellungsst\u00fccken gerne ein neues Zuhause. Die aktuell verf\u00fcgbaren, gebrauchten Modelle (Angebot regional variierend, St\u00fcckzahl limitiert), findet ihr auf unserer separaten Website 99cubes.de: gebrauchte Telefonboxen bei 99cubes.de anzeigen Was zeichnet gebrauchte Telefon- und Meetingboxen aus? Bei uns findet [&hellip;]<\/p>\n","protected":false},"author":6,"featured_media":0,"parent":0,"menu_order":0,"comment_status":"closed","ping_status":"closed","template":"","meta":{"content-type":"","inline_featured_image":false,"footnotes":""},"class_list":["post-16695","page","type-page","status-publish","hentry"],"_links":{"self":[{"href":"https:\/\/xoros-home.de\/nl\/wp-json\/wp\/v2\/pages\/16695","targetHints":{"allow":["GET"]}}],"collection":[{"href":"https:\/\/xoros-home.de\/nl\/wp-json\/wp\/v2\/pages"}],"about":[{"href":"https:\/\/xoros-home.de\/nl\/wp-json\/wp\/v2\/types\/page"}],"author":[{"embeddable":true,"href":"https:\/\/xoros-home.de\/nl\/wp-json\/wp\/v2\/users\/6"}],"replies":[{"embeddable":true,"href":"https:\/\/xoros-home.de\/nl\/wp-json\/wp\/v2\/comments?post=16695"}],"version-history":[{"count":16,"href":"https:\/\/xoros-home.de\/nl\/wp-json\/wp\/v2\/pages\/16695\/revisions"}],"predecessor-version":[{"id":17124,"href":"https:\/\/xoros-home.de\/nl\/wp-json\/wp\/v2\/pages\/16695\/revisions\/17124"}],"wp:attachment":[{"href":"https:\/\/xoros-home.de\/nl\/wp-json\/wp\/v2\/media?parent=16695"}],"curies":[{"name":"wp","href":"https:\/\/api.w.org\/{rel}","templated":true}]}}