{"id":17054,"date":"2025-08-15T15:58:27","date_gmt":"2025-08-15T13:58:27","guid":{"rendered":"https:\/\/xoros-home.de\/?page_id=17054"},"modified":"2025-09-18T17:52:55","modified_gmt":"2025-09-18T15:52:55","slug":"privacybeleid-voor-sociale-mediaprofielen","status":"publish","type":"page","link":"https:\/\/xoros-home.de\/nl\/datenschutzerklaerung-fuer-social-media-profile\/","title":{"rendered":"Privacybeleid voor sociale-mediaprofielen"},"content":{"rendered":"<div style=\"height:100px\" aria-hidden=\"true\" class=\"wp-block-spacer\"><\/div>\n\n\n\n<p>Met deze mededeling over gegevensbescherming informeren wij u over de verwerking van uw persoonlijke gegevens en over uw rechten als betrokkene in het kader van onze aanwezigheid op sociale netwerken. <\/p>\n\n\n\n<p>Voor alle andere verwerkingen van persoonsgegevens verwijzen wij u naar ons algemene privacybeleid op <a href=\"https:\/\/xoros-home.de\/nl\/gegevensbescherming\/\">https:\/\/xoros-home.de\/datenschutz\/<\/a><\/p>\n\n\n\n<div style=\"height:50px\" aria-hidden=\"true\" class=\"wp-block-spacer\"><\/div>\n\n\n\n<h2 class=\"wp-block-heading\" id=\"1-verantwortlicher\">1. verantwoordelijke persoon<\/h2>\n\n\n\n<p>Onze sociale media worden beheerd door<\/p>\n\n\n\n<p><strong>XOROS Home GmbH<\/strong><br>Glockengie\u00dferwall 2<br>20095 Hamburg<br>Duitsland<br><a href=\"mailto:info@xoros-home.de\">info@xoros-home.de<\/a><br>+49 40 853 77 201<br>vertegenwoordigd door: Niels Gundermann, Frank Ehlers<\/p>\n\n\n\n<p>Functionaris voor gegevensbescherming:<br>U kunt contact opnemen met de persoon die binnen onze organisatie verantwoordelijk is voor gegevensbescherming via <a href=\"mailto:info@xoros-home.de\">info@xoros-home.de<\/a> onder het trefwoord \"Gegevensbescherming\".<\/p>\n\n\n\n<div style=\"height:25px\" aria-hidden=\"true\" class=\"wp-block-spacer\"><\/div>\n\n\n\n<h2 class=\"wp-block-heading\" id=\"2-geltungsbereich\">2. toepassingsgebied<\/h2>\n\n\n\n<p>Dit privacybeleid informeert u over het type, de omvang en het doel van de verwerking van persoonsgegevens bij het gebruik van de volgende socialemediaprofielen van ons bedrijf:<\/p>\n\n\n\n<ul class=\"wp-block-list\">\n<li><strong>Facebook-bedrijfsaccount:<\/strong>&nbsp;We hebben een Facebook-bedrijfsaccount. We schrijven geen eigen berichten via ons Facebook-bedrijfsaccount en hebben geen interactie met andere Facebook-gebruikers. We plaatsen echter wel advertenties op Facebook en gebruiken ook leadformulieren om ge\u00efnteresseerde gebruikers naar ons aanbod te trekken. We gebruiken de Facebook Ad Manager voor het technische beheer van advertenties.<\/li>\n\n\n\n<li><strong>Instagram-account<\/strong>Wij beheren de twee Instagram-accounts <a href=\"https:\/\/www.instagram.com\/99cubes.de\/\" target=\"_blank\" rel=\"noreferrer noopener\">instagram.com\/99cubes.com\/<\/a> en <a href=\"https:\/\/www.instagram.com\/xoros_home_de\/\" target=\"_blank\" rel=\"noreferrer noopener\">instagram.com\/xoros_home_nl\/<\/a> en deze actief gebruiken voor berichten, verhalen, rollen en advertenties, interactie aangaan met andere gebruikers en leadformulieren gebruiken om ge\u00efnteresseerde gebruikers aan te trekken voor ons aanbod.<\/li>\n\n\n\n<li><strong>Youtube-kanaal:<\/strong> We beheren het YouTube-kanaal <a href=\"https:\/\/www.youtube.com\/@99cubes-de\" target=\"_blank\" rel=\"noreferrer noopener\">youtube.com\/@99cubes-en<\/a> en gebruiken het om video's te publiceren om te informeren over onze diensten en algemene informatie te verstrekken via video.<\/li>\n\n\n\n<li><strong>LinkedIn:<\/strong> We zijn aanwezig op LinkedIn op <a href=\"https:\/\/www.linkedin.com\/company\/xoros-home\/\" target=\"_blank\" rel=\"noreferrer noopener\">linkedin.nl\/bedrijf\/xoros-home\/<\/a> en gebruik het om het bedrijf te presenteren, voor bijdragen en voor interactie met andere gebruikers.<\/li>\n<\/ul>\n\n\n\n<p>Wij zijn gezamenlijk verantwoordelijk voor de exploitatie van onze Facebook- en Instagram-accounts met Meta Platforms Ireland Limited (Block J, Serpentine Avenue, Dublin 4, Ierland, hierna: \"Meta\") in de zin van art. 26 GDPR. Meer informatie over gegevensverwerking door Meta en de contactgegevens van de verantwoordelijke personen bij Meta zijn te vinden in het privacybeleid van Meta op&nbsp;<a href=\"https:\/\/www.facebook.com\/about\/privacy\" target=\"_blank\" rel=\"noreferrer noopener\">facebook.nl\/over\/privacy<\/a>.<\/p>\n\n\n\n<p>De aanbieder van YouTube is Google Ireland Limited, Gordon House, Barrow Street, Dublin 4, Ierland. Informatie over de verwerking van persoonlijke gegevens door de provider is te vinden in het privacybeleid op de volgende link:&nbsp;<a href=\"https:\/\/policies.google.com\/privacy\" target=\"_blank\" rel=\"noopener\">https:\/\/policies.google.com\/privacy<\/a>.<\/p>\n\n\n\n<p>De aanbieder van LinkedIn is LinkedIn Ireland Unlimited Company, Wilton Place, Dublin 2, Ierland. Informatie over de verwerking van persoonsgegevens door LinkedIn is te vinden in het privacybeleid op de volgende link:&nbsp;<a href=\"https:\/\/www.linkedin.com\/legal\/privacy-policy\" target=\"_blank\" rel=\"noopener\">https:\/\/www.linkedin.com\/legal\/privacy-policy<\/a>.<\/p>\n\n\n\n<div style=\"height:25px\" aria-hidden=\"true\" class=\"wp-block-spacer\"><\/div>\n\n\n\n<h2 class=\"wp-block-heading\" id=\"3-gemeinsame-verantwortlichkeit-mit-meta\">3. gezamenlijke verantwoordelijkheid met Meta<\/h2>\n\n\n\n<p>Meta verzorgt de platforms Facebook en Instagram en verwerkt de persoonsgegevens van gebruikers. Er is een gezamenlijke verantwoordelijkheid voor bepaalde verwerkingen (pagina-inzichten, leadformulieren, enz.).<br>De overeenkomst over gezamenlijke verantwoordelijkheid (\"Page Insights Controller Addendum\") kan hier worden gevonden:<br><a href=\"https:\/\/www.facebook.com\/legal\/terms\/page_controller_addendum\" target=\"_blank\" rel=\"noreferrer noopener\">https:\/\/www.facebook.com\/legal\/terms\/page_controller_addendum<\/a><\/p>\n\n\n\n<p>Meta neemt de primaire verantwoordelijkheid op zich voor de verwerking van persoonsgegevens in verband met de platformdiensten; we ontvangen geanonimiseerde statistieken over de toegang tot onze pagina's.<\/p>\n\n\n\n<div style=\"height:25px\" aria-hidden=\"true\" class=\"wp-block-spacer\"><\/div>\n\n\n\n<h2 class=\"wp-block-heading\" id=\"4-datenverarbeitung-auf-facebook-ad-manager\">4. gegevensverwerking op Facebook<\/h2>\n\n\n\n<p>We gebruiken ons Facebook-bedrijfsaccount voor het plaatsen en beheren van advertenties. Behalve advertenties publiceren we geen berichten, opmerkingen, afbeeldingen of video's op Facebook. Wij of Meta verwerken met name de volgende gegevens::<\/p>\n\n\n\n<ul class=\"wp-block-list\">\n<li><strong>Interacties:<\/strong>&nbsp;Reacties, 'vind ik leuk', directe berichten in de context van onze advertenties<\/li>\n\n\n\n<li><strong>Inhoud:<\/strong>&nbsp;Afbeeldingen, verhalen, rollen, teksten door ons gepubliceerd in de context van advertenties<\/li>\n\n\n\n<li><strong>Gebruiksgegevens:<\/strong>&nbsp;Belstatistieken voor de advertenties<\/li>\n\n\n\n<li><strong>Loodvormen:<\/strong>&nbsp;Als u een formulier invult via overeenkomstige advertenties of ons profiel, ontvangen wij de daar verstrekte gegevens (naam, e-mailadres, telefoonnummer, eventueel andere vrijwillige informatie).<\/li>\n<\/ul>\n\n\n\n<p><strong>Doeleinden van de verwerking:<\/strong><\/p>\n\n\n\n<ul class=\"wp-block-list\">\n<li>Vragen beantwoorden<\/li>\n\n\n\n<li>Realisatie van reclamemaatregelen<\/li>\n\n\n\n<li>Het assortiment analyseren<\/li>\n\n\n\n<li>Acquisitie van ge\u00efnteresseerde partijen (leads)<\/li>\n<\/ul>\n\n\n\n<p><br><strong>Wettelijke grondslagen:<\/strong>&nbsp;<\/p>\n\n\n\n<ul class=\"wp-block-list\">\n<li>Art. 6 lid 1 letter a GDPR (toestemming voor leadformulieren)<\/li>\n\n\n\n<li>Art. 6 lid 1 letter b GDPR (precontractueel onderzoek)<\/li>\n\n\n\n<li>Art. 6 lid 1 lit. f GDPR (public relations, marketing)<\/li>\n<\/ul>\n\n\n\n<div style=\"height:25px\" aria-hidden=\"true\" class=\"wp-block-spacer\"><\/div>\n\n\n\n<h2 class=\"wp-block-heading\" id=\"5-datenverarbeitung-auf-instagram\">5. gegevensverwerking op Instagram<\/h2>\n\n\n\n<p>Wij beheren onze Instagram-accounts voor bedrijfspresentatie, klantencommunicatie en reclame. Wij of Meta verwerken in het bijzonder de volgende gegevens:<\/p>\n\n\n\n<ul class=\"wp-block-list\">\n<li><strong>Interacties:<\/strong>&nbsp;Reacties, 'vind ik leuk', rechtstreekse berichten<\/li>\n\n\n\n<li><strong>Inhoud:<\/strong>&nbsp;foto's, verhalen, rollen, teksten gepubliceerd door ons<\/li>\n\n\n\n<li><strong>Gebruiksgegevens:<\/strong>&nbsp;Belstatistieken (\"Instagram Insights\")<\/li>\n\n\n\n<li><strong>Loodvormen:<\/strong>&nbsp;Als u een formulier invult via overeenkomstige advertenties of ons profiel, ontvangen wij de daar verstrekte gegevens (naam, e-mailadres, telefoonnummer, eventueel andere vrijwillige informatie).<\/li>\n<\/ul>\n\n\n\n<p><strong>Doeleinden van de verwerking:<\/strong><\/p>\n\n\n\n<ul class=\"wp-block-list\">\n<li>Vragen beantwoorden<\/li>\n\n\n\n<li>Realisatie van reclamemaatregelen<\/li>\n\n\n\n<li>Het assortiment analyseren<\/li>\n\n\n\n<li>Acquisitie van ge\u00efnteresseerde partijen (leads)<\/li>\n<\/ul>\n\n\n\n<p><strong>Wettelijke grondslagen:<\/strong><\/p>\n\n\n\n<ul class=\"wp-block-list\">\n<li>Art. 6 lid 1 letter a GDPR (toestemming voor leadformulieren)<\/li>\n\n\n\n<li>Art. 6 lid 1 letter b GDPR (precontractueel onderzoek)<\/li>\n\n\n\n<li>Art. 6 lid 1 lit. f GDPR (public relations, marketing)<\/li>\n<\/ul>\n\n\n\n<div style=\"height:25px\" aria-hidden=\"true\" class=\"wp-block-spacer\"><\/div>\n\n\n\n<h2 class=\"wp-block-heading\" id=\"6-hinweise-zu-leadformularen\">6. opmerkingen over loodvormen<\/h2>\n\n\n\n<p>Als u een leadformulier invult via Facebook of Instagram, worden uw gegevens alleen aan ons doorgegeven nadat u actief toestemming hebt gegeven voor het gebruik van uw gegevens.<br>We gebruiken de gegevens uitsluitend voor het doel dat in het formulier is aangegeven (bijv. het verzenden van aanbiedingen, flyers en prijslijsten).<\/p>\n\n\n\n<div style=\"height:25px\" aria-hidden=\"true\" class=\"wp-block-spacer\"><\/div>\n\n\n\n<h2 class=\"wp-block-heading\" id=\"7-hubspot\">7. gebruik van Hubspot als CRM-systeem<\/h2>\n\n\n\n<p>We gebruiken het Hubspot CRM-systeem voor het beheren en verwerken van contactgegevens die via leadformulieren zijn verzameld. HubSpot is een softwarebedrijf uit de VS met een vestiging in Ierland als Europees hoofdkantoor. Contact: Dublin (Europees hoofdkantoor) 1 Sir John Rogerson's Quay, Dublin 2, Ierland, Telefoon: +353 1 518 7500. <\/p>\n\n\n\n<p>De in de leadformulieren ingevoerde gegevens worden doorgegeven aan Hubspot en daar opgeslagen en verwerkt om contact te leggen, uw aanvraag te verwerken en marketing- en verkoopactiviteiten uit te voeren. <\/p>\n\n\n\n<p>Meer informatie is te vinden in het privacybeleid van Hubspot:&nbsp;<a rel=\"noreferrer noopener\" target=\"_blank\" href=\"https:\/\/legal.hubspot.com\/de\/privacy-policy\">https:\/\/legal.hubspot.com\/de\/privacy-policy<\/a><\/p>\n\n\n\n<p><strong>Wettelijke grondslagen: <\/strong><\/p>\n\n\n\n<ul class=\"wp-block-list\">\n<li>Art. 6 lid 1 letter a GDPR (toestemming)<\/li>\n\n\n\n<li>Art. 6 lid 1 letter b (precontractuele maatregelen)<\/li>\n\n\n\n<li>Art. 6 lid 1 lit. f (gerechtvaardigd belang in effici\u00ebnt klantenbeheer en marketing).<\/li>\n<\/ul>\n\n\n\n<div style=\"height:25px\" aria-hidden=\"true\" class=\"wp-block-spacer\"><\/div>\n\n\n\n<h2 class=\"wp-block-heading\" id=\"8-datenbermittlung-in-drittlnder\">8. gegevensoverdracht naar derde landen<\/h2>\n\n\n\n<p>Sommige van de diensten en aanbieders van sociale media die we gebruiken, verwerken ook gegevens buiten de EU, met name in de VS. Standaardcontractbepalingen van de Europese Commissie zijn van toepassing op deze overdrachten als een geschikte garantie voor naleving van het niveau van gegevensbescherming.<\/p>\n\n\n\n<div style=\"height:25px\" aria-hidden=\"true\" class=\"wp-block-spacer\"><\/div>\n\n\n\n<h2 class=\"wp-block-heading\" id=\"9-ihre-rechte-als-betroffene-person\">9. uw rechten als betrokkene<\/h2>\n\n\n\n<p>U hebt de volgende rechten tegenover ons:<\/p>\n\n\n\n<ul class=\"wp-block-list\">\n<li>Informatie over uw opgeslagen gegevens (Art. 15 GDPR)<\/li>\n\n\n\n<li>Rechtzetting (Art. 16 GDPR)<\/li>\n\n\n\n<li>Wissen (Art. 17 GDPR)<\/li>\n\n\n\n<li>Beperking van verwerking (Art. 18 GDPR)<\/li>\n\n\n\n<li>Gegevensportabiliteit (Art. 20 GDPR)<\/li>\n\n\n\n<li>Bezwaar tegen verwerking (Art. 21 GDPR)<\/li>\n\n\n\n<li>Recht om een klacht in te dienen bij een toezichthoudende autoriteit<\/li>\n<\/ul>\n\n\n\n<p>Let op: het grootste deel van de gegevensverwerking wordt uitgevoerd door de providers die wij zelf gebruiken. U kunt uw rechten daarom rechtstreeks doen gelden tegen de providers die wij gebruiken.<\/p>\n\n\n\n<div style=\"height:25px\" aria-hidden=\"true\" class=\"wp-block-spacer\"><\/div>\n\n\n\n<p><strong>Staan:<\/strong>&nbsp;20.08.2025<\/p>\n\n\n\n<div style=\"height:100px\" aria-hidden=\"true\" class=\"wp-block-spacer\"><\/div>","protected":false},"excerpt":{"rendered":"<p>Mit diesen Datenschutzhinweisen informieren wir Sie \u00fcber die Verarbeitung Ihrer personenbezogenen Daten und \u00fcber Ihre Rechte als betroffene Person im Rahmen unserer Auftritte in sozialen Netzwerken. F\u00fcr alle anderweitigen Verarbeitungen personenbezogener Daten verweisen wir auf unsere allgemeine Datenschutzerkl\u00e4rung unter https:\/\/xoros-home.de\/datenschutz\/ 1. Verantwortlicher Unsere Auftritte in sozialen Medien werden betrieben von XOROS Home GmbHGlockengie\u00dferwall 220095 HamburgDeutschlandinfo@xoros-home.de+49 [&hellip;]<\/p>\n","protected":false},"author":6,"featured_media":0,"parent":0,"menu_order":0,"comment_status":"closed","ping_status":"closed","template":"","meta":{"content-type":"","inline_featured_image":false,"footnotes":""},"class_list":["post-17054","page","type-page","status-publish","hentry"],"_links":{"self":[{"href":"https:\/\/xoros-home.de\/nl\/wp-json\/wp\/v2\/pages\/17054","targetHints":{"allow":["GET"]}}],"collection":[{"href":"https:\/\/xoros-home.de\/nl\/wp-json\/wp\/v2\/pages"}],"about":[{"href":"https:\/\/xoros-home.de\/nl\/wp-json\/wp\/v2\/types\/page"}],"author":[{"embeddable":true,"href":"https:\/\/xoros-home.de\/nl\/wp-json\/wp\/v2\/users\/6"}],"replies":[{"embeddable":true,"href":"https:\/\/xoros-home.de\/nl\/wp-json\/wp\/v2\/comments?post=17054"}],"version-history":[{"count":11,"href":"https:\/\/xoros-home.de\/nl\/wp-json\/wp\/v2\/pages\/17054\/revisions"}],"predecessor-version":[{"id":17101,"href":"https:\/\/xoros-home.de\/nl\/wp-json\/wp\/v2\/pages\/17054\/revisions\/17101"}],"wp:attachment":[{"href":"https:\/\/xoros-home.de\/nl\/wp-json\/wp\/v2\/media?parent=17054"}],"curies":[{"name":"wp","href":"https:\/\/api.w.org\/{rel}","templated":true}]}}